{"id":5922,"date":"2024-09-13T09:04:58","date_gmt":"2024-09-13T09:04:58","guid":{"rendered":"https:\/\/www.seedex.it\/prodotto\/durometri-laboratorio-dm34\/"},"modified":"2025-09-03T10:00:25","modified_gmt":"2025-09-03T10:00:25","slug":"durometres-de-laboratoire-dm34","status":"publish","type":"product","link":"https:\/\/www.seedex.it\/fr\/prodotto\/durometres-de-laboratoire-dm34\/","title":{"rendered":"DUROM\u00c8TRES DE LABORATOIRE DM34"},"content":{"rendered":"","protected":false},"excerpt":{"rendered":"<p><span style=\"font-weight: 400;\">Un instrument adapt\u00e9 \u00e0 la d\u00e9termination de la profondeur de p\u00e9n\u00e9tration d&#8217;une pointe \u00e0 t\u00eate plate sur des carreaux c\u00e9ramiques press\u00e9s et crus.<\/span><\/p>\n<p><span style=\"font-weight: 400;\">Disponible en plusieurs versions :<\/span><\/p>\n<ul>\n<li style=\"font-weight: 400;\" aria-level=\"1\"><span style=\"font-weight: 400;\">Avec comparateur m\u00e9canique ou num\u00e9rique<\/span><\/li>\n<li style=\"font-weight: 400;\" aria-level=\"1\"><span style=\"font-weight: 400;\">Pour des formats allant jusqu&#8217;\u00e0 40&#215;40 cm et jusqu&#8217;\u00e0 70&#215;70 cm<\/span><\/li>\n<\/ul>\n","protected":false},"featured_media":5924,"template":"","meta":{"_acf_changed":false,"_vp_format_video_url":"","_vp_image_focal_point":[]},"product_cat":[593,479,558],"product_tag":[],"class_list":{"0":"post-5922","1":"product","2":"type-product","3":"status-publish","4":"has-post-thumbnail","6":"product_cat-durometro-fr","7":"product_cat-industrie-sanitaire","8":"product_cat-laboratorio-ceramico-e-di-controllo-fr","10":"first","11":"instock","12":"product-type-simple"},"acf":[],"_links":{"self":[{"href":"https:\/\/www.seedex.it\/fr\/wp-json\/wp\/v2\/product\/5922"}],"collection":[{"href":"https:\/\/www.seedex.it\/fr\/wp-json\/wp\/v2\/product"}],"about":[{"href":"https:\/\/www.seedex.it\/fr\/wp-json\/wp\/v2\/types\/product"}],"wp:featuredmedia":[{"embeddable":true,"href":"https:\/\/www.seedex.it\/fr\/wp-json\/wp\/v2\/media\/5924"}],"wp:attachment":[{"href":"https:\/\/www.seedex.it\/fr\/wp-json\/wp\/v2\/media?parent=5922"}],"wp:term":[{"taxonomy":"product_cat","embeddable":true,"href":"https:\/\/www.seedex.it\/fr\/wp-json\/wp\/v2\/product_cat?post=5922"},{"taxonomy":"product_tag","embeddable":true,"href":"https:\/\/www.seedex.it\/fr\/wp-json\/wp\/v2\/product_tag?post=5922"}],"curies":[{"name":"wp","href":"https:\/\/api.w.org\/{rel}","templated":true}]}}