{"id":5914,"date":"2024-09-13T09:04:58","date_gmt":"2024-09-13T09:04:58","guid":{"rendered":"https:\/\/www.seedex.it\/prodotto\/durometri-penetrometri\/"},"modified":"2025-09-03T09:56:45","modified_gmt":"2025-09-03T09:56:45","slug":"durometres-penetrometres","status":"publish","type":"product","link":"https:\/\/www.seedex.it\/fr\/prodotto\/durometres-penetrometres\/","title":{"rendered":"DUROM\u00c8TRES &#8211; P\u00c9N\u00c9TROM\u00c8TRES"},"content":{"rendered":"","protected":false},"excerpt":{"rendered":"<p><span style=\"font-weight: 400;\">Un instrument adapt\u00e9 \u00e0 la d\u00e9termination de la duret\u00e9 des argiles extrud\u00e9es (pour briques, tuiles, carreaux de terre cuite, etc.) et des argiles en blocs (usage artistique et vaisselle).<\/span><\/p>\n<p><b>DUROM\u00c8TRES POUR SOLS, P\u00c9N\u00c9TROM\u00c8TRES<\/b><\/p>\n<p><span style=\"font-weight: 400;\">Instruments portables pour la mesure de la compression simple avec expansion lat\u00e9rale libre.<\/span><\/p>\n<p>&nbsp;<\/p>\n","protected":false},"featured_media":5916,"template":"","meta":{"_acf_changed":false,"_vp_format_video_url":"","_vp_image_focal_point":[]},"product_cat":[593,479,558],"product_tag":[],"class_list":{"0":"post-5914","1":"product","2":"type-product","3":"status-publish","4":"has-post-thumbnail","6":"product_cat-durometro-fr","7":"product_cat-industrie-sanitaire","8":"product_cat-laboratorio-ceramico-e-di-controllo-fr","10":"first","11":"instock","12":"product-type-simple"},"acf":[],"_links":{"self":[{"href":"https:\/\/www.seedex.it\/fr\/wp-json\/wp\/v2\/product\/5914"}],"collection":[{"href":"https:\/\/www.seedex.it\/fr\/wp-json\/wp\/v2\/product"}],"about":[{"href":"https:\/\/www.seedex.it\/fr\/wp-json\/wp\/v2\/types\/product"}],"wp:featuredmedia":[{"embeddable":true,"href":"https:\/\/www.seedex.it\/fr\/wp-json\/wp\/v2\/media\/5916"}],"wp:attachment":[{"href":"https:\/\/www.seedex.it\/fr\/wp-json\/wp\/v2\/media?parent=5914"}],"wp:term":[{"taxonomy":"product_cat","embeddable":true,"href":"https:\/\/www.seedex.it\/fr\/wp-json\/wp\/v2\/product_cat?post=5914"},{"taxonomy":"product_tag","embeddable":true,"href":"https:\/\/www.seedex.it\/fr\/wp-json\/wp\/v2\/product_tag?post=5914"}],"curies":[{"name":"wp","href":"https:\/\/api.w.org\/{rel}","templated":true}]}}