{"id":5891,"date":"2024-09-13T09:04:58","date_gmt":"2024-09-13T09:04:58","guid":{"rendered":"https:\/\/www.seedex.it\/prodotto\/densimetro-densita-apparente-dda3\/"},"modified":"2025-09-03T09:39:48","modified_gmt":"2025-09-03T09:39:48","slug":"densimetre-de-densite-apparente-dda3","status":"publish","type":"product","link":"https:\/\/www.seedex.it\/fr\/prodotto\/densimetre-de-densite-apparente-dda3\/","title":{"rendered":"DENSIM\u00c8TRE DE DENSIT\u00c9 APPARENTE DDA3"},"content":{"rendered":"","protected":false},"excerpt":{"rendered":"<p><span style=\"font-weight: 400;\">Instrument automatique pour la d\u00e9termination de la densit\u00e9 apparente (porosit\u00e9) des carreaux c\u00e9ramiques crus, mod\u00e8le DDA\/3 (sans utilisation de mercure). L&#8217;instrument d\u00e9termine la densit\u00e9 apparente de l&#8217;\u00e9chantillon analys\u00e9, par double pes\u00e9e dans l&#8217;air et hydrostatique. Un liquide sp\u00e9cial \u00e0 absorption lente est utilis\u00e9, ce qui permet de peser l&#8217;\u00e9chantillon avant que la mesure ne soit influenc\u00e9e par l&#8217;absorption du liquide lui-m\u00eame.<\/span><\/p>\n<p><span style=\"font-weight: 400;\">Caract\u00e9ristiques techniques :<\/span><\/p>\n<ul>\n<li style=\"font-weight: 400;\" aria-level=\"1\"><span style=\"font-weight: 400;\">Syst\u00e8me de pes\u00e9e en suspension au moyen d&#8217;une cellule de charge<\/span><\/li>\n<li style=\"font-weight: 400;\" aria-level=\"1\"><span style=\"font-weight: 400;\">\u00c9talonnage de la balance par poids d&#8217;\u00e9talonnage de 100g (en option)<\/span><\/li>\n<li style=\"font-weight: 400;\" aria-level=\"1\"><span style=\"font-weight: 400;\">Pes\u00e9e par immersion par lev\u00e9e et abaissement automatique du conteneur contenant le liquide.<\/span><\/li>\n<li style=\"font-weight: 400;\" aria-level=\"1\"><span style=\"font-weight: 400;\">Acquisition des valeurs et calcul automatique de la densit\u00e9 apparente<\/span><\/li>\n<li style=\"font-weight: 400;\" aria-level=\"1\"><span style=\"font-weight: 400;\">Panneau op\u00e9rateur avec \u00e9cran tactile<\/span><\/li>\n<li style=\"font-weight: 400;\" aria-level=\"1\"><span style=\"font-weight: 400;\">Fourche de support de l&#8217;\u00e9chantillon en acier inoxydable<\/span><\/li>\n<li style=\"font-weight: 400;\" aria-level=\"1\"><span style=\"font-weight: 400;\">Conteneur de liquide en acier inoxydable<\/span><\/li>\n<li style=\"font-weight: 400;\" aria-level=\"1\"><span style=\"font-weight: 400;\">Structure en acier thermolaqu\u00e9<\/span><\/li>\n<li style=\"font-weight: 400;\" aria-level=\"1\"><span style=\"font-weight: 400;\">4 pieds de nivellement et niveau \u00e0 bulle sph\u00e9rique<\/span><\/li>\n<li style=\"font-weight: 400;\" aria-level=\"1\"><span style=\"font-weight: 400;\">Porte de s\u00e9curit\u00e9 avec micro-interrupteur<\/span><\/li>\n<li style=\"font-weight: 400;\" aria-level=\"1\"><span style=\"font-weight: 400;\">Sortie de donn\u00e9es pour connexion \u00e0 une imprimante externe (en option)<\/span><\/li>\n<li style=\"font-weight: 400;\" aria-level=\"1\"><span style=\"font-weight: 400;\">Alimentation 230V 50 Hz<\/span><\/li>\n<\/ul>\n","protected":false},"featured_media":5888,"template":"","meta":{"_acf_changed":false,"_vp_format_video_url":"","_vp_image_focal_point":[]},"product_cat":[587,479,558],"product_tag":[],"class_list":{"0":"post-5891","1":"product","2":"type-product","3":"status-publish","4":"has-post-thumbnail","6":"product_cat-densimetre-dda2","7":"product_cat-industrie-sanitaire","8":"product_cat-laboratorio-ceramico-e-di-controllo-fr","10":"first","11":"instock","12":"product-type-simple"},"acf":[],"_links":{"self":[{"href":"https:\/\/www.seedex.it\/fr\/wp-json\/wp\/v2\/product\/5891"}],"collection":[{"href":"https:\/\/www.seedex.it\/fr\/wp-json\/wp\/v2\/product"}],"about":[{"href":"https:\/\/www.seedex.it\/fr\/wp-json\/wp\/v2\/types\/product"}],"wp:featuredmedia":[{"embeddable":true,"href":"https:\/\/www.seedex.it\/fr\/wp-json\/wp\/v2\/media\/5888"}],"wp:attachment":[{"href":"https:\/\/www.seedex.it\/fr\/wp-json\/wp\/v2\/media?parent=5891"}],"wp:term":[{"taxonomy":"product_cat","embeddable":true,"href":"https:\/\/www.seedex.it\/fr\/wp-json\/wp\/v2\/product_cat?post=5891"},{"taxonomy":"product_tag","embeddable":true,"href":"https:\/\/www.seedex.it\/fr\/wp-json\/wp\/v2\/product_tag?post=5891"}],"curies":[{"name":"wp","href":"https:\/\/api.w.org\/{rel}","templated":true}]}}