{"id":5821,"date":"2024-09-13T09:05:15","date_gmt":"2024-09-13T09:05:15","guid":{"rendered":"https:\/\/www.seedex.it\/prodotto\/box-isovision-peibox-b\/"},"modified":"2025-09-05T08:49:22","modified_gmt":"2025-09-05T08:49:22","slug":"box-isovision-peibox-b","status":"publish","type":"product","link":"https:\/\/www.seedex.it\/fr\/prodotto\/box-isovision-peibox-b\/","title":{"rendered":"BOX ISOVISION PEIBOX\/B"},"content":{"rendered":"","protected":false},"excerpt":{"rendered":"<p><span style=\"font-weight: 400;\">Le PEIBOX\/B est la cabine parfaite pour visualiser les \u00e9chantillons abras\u00e9s selon la m\u00e9thode PEI, conform\u00e9ment aux normes ASTM C1027-99 et UNI EN ISO 10545-7. L&#8217;instrument est fourni avec l&#8217;intensit\u00e9 lumineuse r\u00e9gl\u00e9e conform\u00e9ment \u00e0 la norme. C&#8217;est un compl\u00e9ment parfait \u00e0 nos abrasim\u00e8tres <a href=\"https:\/\/www.seedex.it\/fr\/prodotto\/abrasimeter-ap-18\/\" target=\"_blank\" rel=\"noopener\">AP-18<\/a>, <a href=\"https:\/\/www.seedex.it\/fr\/prodotto\/abrasimetres-pei100-e-pei300\/\" target=\"_blank\" rel=\"noopener\">PEI100-300<\/a> et <a href=\"https:\/\/www.seedex.it\/fr\/prodotto\/abrasimetre-speedy3\/\" target=\"_blank\" rel=\"noopener\">PEI3<\/a>.<\/span><\/p>\n","protected":false},"featured_media":5822,"template":"","meta":{"_acf_changed":false,"_vp_format_video_url":"","_vp_image_focal_point":[]},"product_cat":[575,558],"product_tag":[],"class_list":{"0":"post-5821","1":"product","2":"type-product","3":"status-publish","4":"has-post-thumbnail","6":"product_cat-boite-isovision","7":"product_cat-laboratorio-ceramico-e-di-controllo-fr","9":"first","10":"instock","11":"product-type-simple"},"acf":[],"_links":{"self":[{"href":"https:\/\/www.seedex.it\/fr\/wp-json\/wp\/v2\/product\/5821"}],"collection":[{"href":"https:\/\/www.seedex.it\/fr\/wp-json\/wp\/v2\/product"}],"about":[{"href":"https:\/\/www.seedex.it\/fr\/wp-json\/wp\/v2\/types\/product"}],"wp:featuredmedia":[{"embeddable":true,"href":"https:\/\/www.seedex.it\/fr\/wp-json\/wp\/v2\/media\/5822"}],"wp:attachment":[{"href":"https:\/\/www.seedex.it\/fr\/wp-json\/wp\/v2\/media?parent=5821"}],"wp:term":[{"taxonomy":"product_cat","embeddable":true,"href":"https:\/\/www.seedex.it\/fr\/wp-json\/wp\/v2\/product_cat?post=5821"},{"taxonomy":"product_tag","embeddable":true,"href":"https:\/\/www.seedex.it\/fr\/wp-json\/wp\/v2\/product_tag?post=5821"}],"curies":[{"name":"wp","href":"https:\/\/api.w.org\/{rel}","templated":true}]}}