{"id":5770,"date":"2024-09-13T09:04:59","date_gmt":"2024-09-13T09:04:59","guid":{"rendered":"https:\/\/www.seedex.it\/prodotto\/agitatore-a-colonna-mod-amd20-d\/"},"modified":"2025-09-03T08:14:35","modified_gmt":"2025-09-03T08:14:35","slug":"agitateur-a-colonne-mod-amd20-d","status":"publish","type":"product","link":"https:\/\/www.seedex.it\/fr\/prodotto\/agitateur-a-colonne-mod-amd20-d\/","title":{"rendered":"AGITATEUR \u00c0 COLONNE MOD. AMD20-D"},"content":{"rendered":"","protected":false},"excerpt":{"rendered":"<p><span style=\"font-weight: 400;\">Agitateur m\u00e9canique \u00e0 tige avec affichage LED. <\/span><\/p>\n<p><span style=\"font-weight: 400;\">Vitesse d&#8217;agitation maximale de 20 litres. <\/span><\/p>\n<p><span style=\"font-weight: 400;\">Vitesse d&#8217;agitation r\u00e9glable de 50 \u00e0 2 200 tr\/min avec une puissance de 50W. <\/span><\/p>\n<p><span style=\"font-weight: 400;\">Voyant de surchauffe du moteur en cas de surcharge. <\/span><\/p>\n<p><span style=\"font-weight: 400;\">Trou de passage sup\u00e9rieur pour les tiges d&#8217;agitation. <\/span><\/p>\n<p><span style=\"font-weight: 400;\">Livr\u00e9 complet avec axe en acier et sa cl\u00e9. Degr\u00e9 de protection IP 42. Alimentation 220V.<\/span><\/p>\n","protected":false},"featured_media":5771,"template":"","meta":{"_acf_changed":false,"_vp_format_video_url":"","_vp_image_focal_point":[]},"product_cat":[565,558],"product_tag":[],"class_list":{"0":"post-5770","1":"product","2":"type-product","3":"status-publish","4":"has-post-thumbnail","6":"product_cat-agitateur","7":"product_cat-laboratorio-ceramico-e-di-controllo-fr","9":"first","10":"instock","11":"product-type-simple"},"acf":[],"_links":{"self":[{"href":"https:\/\/www.seedex.it\/fr\/wp-json\/wp\/v2\/product\/5770"}],"collection":[{"href":"https:\/\/www.seedex.it\/fr\/wp-json\/wp\/v2\/product"}],"about":[{"href":"https:\/\/www.seedex.it\/fr\/wp-json\/wp\/v2\/types\/product"}],"wp:featuredmedia":[{"embeddable":true,"href":"https:\/\/www.seedex.it\/fr\/wp-json\/wp\/v2\/media\/5771"}],"wp:attachment":[{"href":"https:\/\/www.seedex.it\/fr\/wp-json\/wp\/v2\/media?parent=5770"}],"wp:term":[{"taxonomy":"product_cat","embeddable":true,"href":"https:\/\/www.seedex.it\/fr\/wp-json\/wp\/v2\/product_cat?post=5770"},{"taxonomy":"product_tag","embeddable":true,"href":"https:\/\/www.seedex.it\/fr\/wp-json\/wp\/v2\/product_tag?post=5770"}],"curies":[{"name":"wp","href":"https:\/\/api.w.org\/{rel}","templated":true}]}}