{"id":5744,"date":"2024-09-13T09:04:59","date_gmt":"2024-09-13T09:04:59","guid":{"rendered":"https:\/\/www.seedex.it\/prodotto\/abrasimetro-speedy3\/"},"modified":"2025-09-03T08:00:59","modified_gmt":"2025-09-03T08:00:59","slug":"abrasimetre-speedy3","status":"publish","type":"product","link":"https:\/\/www.seedex.it\/fr\/prodotto\/abrasimetre-speedy3\/","title":{"rendered":"ABRASIM\u00c8TRE SPEEDY3"},"content":{"rendered":"","protected":false},"excerpt":{"rendered":"<p><span style=\"font-weight: 400;\">Instrument de Laboratoire pour Tests P.E.I.<\/span><\/p>\n<p><span style=\"font-weight: 400;\">Un instrument de laboratoire adapt\u00e9 pour effectuer des tests selon la m\u00e9thode P.E.I., les Normes Europ\u00e9ennes et la norme EN154, sur trois \u00e9chantillons simultan\u00e9ment. Pour une vision professionnelle du r\u00e9sultat du test, nous conseillons l&#8217;association avec la cabine PEIBOX\/B.<\/span><\/p>\n<p>&nbsp;<\/p>\n<p>&nbsp;<\/p>\n","protected":false},"featured_media":5745,"template":"","meta":{"_acf_changed":false,"_vp_format_video_url":"","_vp_image_focal_point":[]},"product_cat":[557,558],"product_tag":[],"class_list":{"0":"post-5744","1":"product","2":"type-product","3":"status-publish","4":"has-post-thumbnail","6":"product_cat-abrasimetre","7":"product_cat-laboratorio-ceramico-e-di-controllo-fr","9":"first","10":"instock","11":"product-type-simple"},"acf":[],"_links":{"self":[{"href":"https:\/\/www.seedex.it\/fr\/wp-json\/wp\/v2\/product\/5744"}],"collection":[{"href":"https:\/\/www.seedex.it\/fr\/wp-json\/wp\/v2\/product"}],"about":[{"href":"https:\/\/www.seedex.it\/fr\/wp-json\/wp\/v2\/types\/product"}],"wp:featuredmedia":[{"embeddable":true,"href":"https:\/\/www.seedex.it\/fr\/wp-json\/wp\/v2\/media\/5745"}],"wp:attachment":[{"href":"https:\/\/www.seedex.it\/fr\/wp-json\/wp\/v2\/media?parent=5744"}],"wp:term":[{"taxonomy":"product_cat","embeddable":true,"href":"https:\/\/www.seedex.it\/fr\/wp-json\/wp\/v2\/product_cat?post=5744"},{"taxonomy":"product_tag","embeddable":true,"href":"https:\/\/www.seedex.it\/fr\/wp-json\/wp\/v2\/product_tag?post=5744"}],"curies":[{"name":"wp","href":"https:\/\/api.w.org\/{rel}","templated":true}]}}