{"id":5711,"date":"2025-06-17T13:16:53","date_gmt":"2025-06-17T13:16:53","guid":{"rendered":"https:\/\/www.seedex.it\/prodotto\/cleaner\/"},"modified":"2025-09-05T08:09:47","modified_gmt":"2025-09-05T08:09:47","slug":"nettoyant","status":"publish","type":"product","link":"https:\/\/www.seedex.it\/fr\/prodotto\/nettoyant\/","title":{"rendered":"Nettoyant"},"content":{"rendered":"","protected":false},"excerpt":{"rendered":"<p><span style=\"font-weight: 400;\">Nettoyant utilisable dans les cycles de lavage de <a href=\"https:\/\/www.seedex.it\/fr\/prodotto\/rigenera\/\" target=\"_blank\" rel=\"noopener\">Rigenera<\/a> et pour tous les autres besoins de lavage des t\u00eates d&#8217;impression et autres composants en contact avec l&#8217;encre pour l&#8217;impression num\u00e9rique c\u00e9ramique.<\/span><\/p>\n","protected":false},"featured_media":5712,"template":"","meta":{"_acf_changed":false,"_vp_format_video_url":"","_vp_image_focal_point":[]},"product_cat":[438,439],"product_tag":[],"class_list":{"0":"post-5711","1":"product","2":"type-product","3":"status-publish","4":"has-post-thumbnail","6":"product_cat-impression-numerique-ceramique","7":"product_cat-ricambi-e-consumabili-fr","9":"first","10":"instock","11":"product-type-simple"},"acf":[],"_links":{"self":[{"href":"https:\/\/www.seedex.it\/fr\/wp-json\/wp\/v2\/product\/5711"}],"collection":[{"href":"https:\/\/www.seedex.it\/fr\/wp-json\/wp\/v2\/product"}],"about":[{"href":"https:\/\/www.seedex.it\/fr\/wp-json\/wp\/v2\/types\/product"}],"wp:featuredmedia":[{"embeddable":true,"href":"https:\/\/www.seedex.it\/fr\/wp-json\/wp\/v2\/media\/5712"}],"wp:attachment":[{"href":"https:\/\/www.seedex.it\/fr\/wp-json\/wp\/v2\/media?parent=5711"}],"wp:term":[{"taxonomy":"product_cat","embeddable":true,"href":"https:\/\/www.seedex.it\/fr\/wp-json\/wp\/v2\/product_cat?post=5711"},{"taxonomy":"product_tag","embeddable":true,"href":"https:\/\/www.seedex.it\/fr\/wp-json\/wp\/v2\/product_tag?post=5711"}],"curies":[{"name":"wp","href":"https:\/\/api.w.org\/{rel}","templated":true}]}}