{"id":5704,"date":"2025-06-17T13:23:41","date_gmt":"2025-06-17T13:23:41","guid":{"rendered":"https:\/\/www.seedex.it\/prodotto\/anticongelante-organico\/"},"modified":"2025-09-03T07:24:48","modified_gmt":"2025-09-03T07:24:48","slug":"antigel-organique","status":"publish","type":"product","link":"https:\/\/www.seedex.it\/fr\/prodotto\/antigel-organique\/","title":{"rendered":"Antigel organique"},"content":{"rendered":"","protected":false},"excerpt":{"rendered":"<p><span style=\"font-weight: 400;\">Liquide antigel organique pour les syst\u00e8mes de refroidissement (chillers) mont\u00e9s avec les imprimantes num\u00e9riques c\u00e9ramiques.<\/span><\/p>\n","protected":false},"featured_media":5705,"template":"","meta":{"_acf_changed":false,"_vp_format_video_url":"","_vp_image_focal_point":[]},"product_cat":[438,439],"product_tag":[],"class_list":{"0":"post-5704","1":"product","2":"type-product","3":"status-publish","4":"has-post-thumbnail","6":"product_cat-impression-numerique-ceramique","7":"product_cat-ricambi-e-consumabili-fr","9":"first","10":"instock","11":"product-type-simple"},"acf":[],"_links":{"self":[{"href":"https:\/\/www.seedex.it\/fr\/wp-json\/wp\/v2\/product\/5704"}],"collection":[{"href":"https:\/\/www.seedex.it\/fr\/wp-json\/wp\/v2\/product"}],"about":[{"href":"https:\/\/www.seedex.it\/fr\/wp-json\/wp\/v2\/types\/product"}],"wp:featuredmedia":[{"embeddable":true,"href":"https:\/\/www.seedex.it\/fr\/wp-json\/wp\/v2\/media\/5705"}],"wp:attachment":[{"href":"https:\/\/www.seedex.it\/fr\/wp-json\/wp\/v2\/media?parent=5704"}],"wp:term":[{"taxonomy":"product_cat","embeddable":true,"href":"https:\/\/www.seedex.it\/fr\/wp-json\/wp\/v2\/product_cat?post=5704"},{"taxonomy":"product_tag","embeddable":true,"href":"https:\/\/www.seedex.it\/fr\/wp-json\/wp\/v2\/product_tag?post=5704"}],"curies":[{"name":"wp","href":"https:\/\/api.w.org\/{rel}","templated":true}]}}