{"id":5696,"date":"2025-06-17T13:14:14","date_gmt":"2025-06-17T13:14:14","guid":{"rendered":"https:\/\/www.seedex.it\/prodotto\/cotton-stick-100-pcs-pack\/"},"modified":"2025-09-08T09:44:20","modified_gmt":"2025-09-08T09:44:20","slug":"cotton-stick-100-pcs-pack","status":"publish","type":"product","link":"https:\/\/www.seedex.it\/fr\/prodotto\/cotton-stick-100-pcs-pack\/","title":{"rendered":"Cotton stick"},"content":{"rendered":"","protected":false},"excerpt":{"rendered":"<p><span style=\"font-weight: 400;\">Solutions pour le nettoyage fin des t\u00eates d&#8217;impression utilis\u00e9es dans les imprimantes num\u00e9riques c\u00e9ramiques.<\/span><\/p>\n","protected":false},"featured_media":5697,"template":"","meta":{"_acf_changed":false,"_vp_format_video_url":"","_vp_image_focal_point":[]},"product_cat":[438,439],"product_tag":[],"class_list":{"0":"post-5696","1":"product","2":"type-product","3":"status-publish","4":"has-post-thumbnail","6":"product_cat-impression-numerique-ceramique","7":"product_cat-ricambi-e-consumabili-fr","9":"first","10":"instock","11":"product-type-simple"},"acf":[],"_links":{"self":[{"href":"https:\/\/www.seedex.it\/fr\/wp-json\/wp\/v2\/product\/5696"}],"collection":[{"href":"https:\/\/www.seedex.it\/fr\/wp-json\/wp\/v2\/product"}],"about":[{"href":"https:\/\/www.seedex.it\/fr\/wp-json\/wp\/v2\/types\/product"}],"wp:featuredmedia":[{"embeddable":true,"href":"https:\/\/www.seedex.it\/fr\/wp-json\/wp\/v2\/media\/5697"}],"wp:attachment":[{"href":"https:\/\/www.seedex.it\/fr\/wp-json\/wp\/v2\/media?parent=5696"}],"wp:term":[{"taxonomy":"product_cat","embeddable":true,"href":"https:\/\/www.seedex.it\/fr\/wp-json\/wp\/v2\/product_cat?post=5696"},{"taxonomy":"product_tag","embeddable":true,"href":"https:\/\/www.seedex.it\/fr\/wp-json\/wp\/v2\/product_tag?post=5696"}],"curies":[{"name":"wp","href":"https:\/\/api.w.org\/{rel}","templated":true}]}}