{"id":5672,"date":"2024-09-13T09:05:31","date_gmt":"2024-09-13T09:05:31","guid":{"rendered":"https:\/\/www.seedex.it\/prodotto\/xaar\/"},"modified":"2025-09-02T15:58:46","modified_gmt":"2025-09-02T15:58:46","slug":"xaar","status":"publish","type":"product","link":"https:\/\/www.seedex.it\/fr\/prodotto\/xaar\/","title":{"rendered":"Xaar"},"content":{"rendered":"","protected":false},"excerpt":{"rendered":"<p><b>XAAR<\/b><span style=\"font-weight: 400;\">\u00a0<\/span><\/p>\n<p><span style=\"font-weight: 400;\">T\u00eate d&#8217;impression Xaar pour usage c\u00e9ramique. Tous les types utilis\u00e9s sur les imprimantes num\u00e9riques c\u00e9ramiques (s\u00e9ries 1003, 2001, 2002, Nitrox, etc.). T\u00eates d&#8217;impression, c\u00e2bles de connexion, c\u00e2bles adaptateurs, cartes HPC1000 et HPC1000HV et autres accessoires et pi\u00e8ces de rechange connexes.<\/span><\/p>\n","protected":false},"featured_media":5674,"template":"","meta":{"_acf_changed":false,"_vp_format_video_url":"","_vp_image_focal_point":[]},"product_cat":[438,439],"product_tag":[],"class_list":{"0":"post-5672","1":"product","2":"type-product","3":"status-publish","4":"has-post-thumbnail","6":"product_cat-impression-numerique-ceramique","7":"product_cat-ricambi-e-consumabili-fr","9":"first","10":"instock","11":"product-type-simple"},"acf":[],"_links":{"self":[{"href":"https:\/\/www.seedex.it\/fr\/wp-json\/wp\/v2\/product\/5672"}],"collection":[{"href":"https:\/\/www.seedex.it\/fr\/wp-json\/wp\/v2\/product"}],"about":[{"href":"https:\/\/www.seedex.it\/fr\/wp-json\/wp\/v2\/types\/product"}],"wp:featuredmedia":[{"embeddable":true,"href":"https:\/\/www.seedex.it\/fr\/wp-json\/wp\/v2\/media\/5674"}],"wp:attachment":[{"href":"https:\/\/www.seedex.it\/fr\/wp-json\/wp\/v2\/media?parent=5672"}],"wp:term":[{"taxonomy":"product_cat","embeddable":true,"href":"https:\/\/www.seedex.it\/fr\/wp-json\/wp\/v2\/product_cat?post=5672"},{"taxonomy":"product_tag","embeddable":true,"href":"https:\/\/www.seedex.it\/fr\/wp-json\/wp\/v2\/product_tag?post=5672"}],"curies":[{"name":"wp","href":"https:\/\/api.w.org\/{rel}","templated":true}]}}