{"id":5650,"date":"2024-09-13T09:05:31","date_gmt":"2024-09-13T09:05:31","guid":{"rendered":"https:\/\/www.seedex.it\/prodotto\/rigenera\/"},"modified":"2025-09-02T15:46:01","modified_gmt":"2025-09-02T15:46:01","slug":"rigenera","status":"publish","type":"product","link":"https:\/\/www.seedex.it\/fr\/prodotto\/rigenera\/","title":{"rendered":"RIGENERA"},"content":{"rendered":"","protected":false},"excerpt":{"rendered":"<p><b>Rigenera : La solution ultime pour le nettoyage des t\u00eates d&#8217;impression\u00a0<\/b><\/p>\n<p><span style=\"font-weight: 400;\">Rigenera se positionne comme la solution d&#8217;excellence dans le domaine du nettoyage des t\u00eates d&#8217;impression. Cette machine \u00e0 la pointe de la technologie est capable de nettoyer simultan\u00e9ment jusqu&#8217;\u00e0 quatre t\u00eates d&#8217;impression, garantissant des performances sup\u00e9rieures et des r\u00e9sultats impeccables.<\/span><\/p>\n<p><span style=\"font-weight: 400;\">Nettoyage et test int\u00e9gr\u00e9s Outre son puissant syst\u00e8me de nettoyage, Rigenera int\u00e8gre un testeur d&#8217;impression qui permet aux techniciens de v\u00e9rifier imm\u00e9diatement l&#8217;efficacit\u00e9 du processus. Cette fonctionnalit\u00e9 combin\u00e9e optimise les d\u00e9lais et assure une qualit\u00e9 maximale.<\/span><\/p>\n<p><span style=\"font-weight: 400;\">Polyvalence et configuration La machine, nomm\u00e9e &#8220;Duo&#8221;, est \u00e9quip\u00e9e de deux stations de nettoyage. Celles-ci peuvent accueillir des cartes \u00e9lectroniques pour une large gamme de marques, y compris Dimatix, Xaar, Seiko, et bien d&#8217;autres. Rigenera Duo peut \u00eatre configur\u00e9e avec un maximum de deux cartes \u00e9lectroniques, m\u00eame de marques diff\u00e9rentes, permettant le nettoyage simultan\u00e9 de diff\u00e9rentes t\u00eates d&#8217;impression. De plus, il est possible d&#8217;acheter une carte \u00e9lectronique suppl\u00e9mentaire et de la remplacer en quelques minutes, sans avoir besoin d&#8217;assistance technique externe.<\/span><\/p>\n<p><span style=\"font-weight: 400;\">Principaux avantages Les points forts de Rigenera incluent :<\/span><\/p>\n<ul>\n<li style=\"font-weight: 400;\" aria-level=\"1\"><span style=\"font-weight: 400;\">Nettoyage simultan\u00e9 : Capacit\u00e9 \u00e0 nettoyer plusieurs t\u00eates d&#8217;impression en m\u00eame temps.<\/span><\/li>\n<li style=\"font-weight: 400;\" aria-level=\"1\"><span style=\"font-weight: 400;\">Compatibilit\u00e9 multi-marques : Si configur\u00e9e avec deux cartes \u00e9lectroniques diff\u00e9rentes, elle peut nettoyer simultan\u00e9ment des t\u00eates d&#8217;impression de deux marques distinctes.<\/span><\/li>\n<li style=\"font-weight: 400;\" aria-level=\"1\"><span style=\"font-weight: 400;\">Test d&#8217;impression int\u00e9gr\u00e9 : \u00c9quip\u00e9e d&#8217;un testeur d&#8217;impression simple mais efficace pour une v\u00e9rification imm\u00e9diate.<\/span><\/li>\n<\/ul>\n","protected":false},"featured_media":5652,"template":"","meta":{"_acf_changed":false,"_vp_format_video_url":"","_vp_image_focal_point":[]},"product_cat":[438,553,554],"product_tag":[],"class_list":{"0":"post-5650","1":"product","2":"type-product","3":"status-publish","4":"has-post-thumbnail","6":"product_cat-impression-numerique-ceramique","7":"product_cat-pulizia-e-controllo-testine-fr","8":"product_cat-rigenera-fr","10":"first","11":"instock","12":"product-type-simple"},"acf":[],"_links":{"self":[{"href":"https:\/\/www.seedex.it\/fr\/wp-json\/wp\/v2\/product\/5650"}],"collection":[{"href":"https:\/\/www.seedex.it\/fr\/wp-json\/wp\/v2\/product"}],"about":[{"href":"https:\/\/www.seedex.it\/fr\/wp-json\/wp\/v2\/types\/product"}],"wp:featuredmedia":[{"embeddable":true,"href":"https:\/\/www.seedex.it\/fr\/wp-json\/wp\/v2\/media\/5652"}],"wp:attachment":[{"href":"https:\/\/www.seedex.it\/fr\/wp-json\/wp\/v2\/media?parent=5650"}],"wp:term":[{"taxonomy":"product_cat","embeddable":true,"href":"https:\/\/www.seedex.it\/fr\/wp-json\/wp\/v2\/product_cat?post=5650"},{"taxonomy":"product_tag","embeddable":true,"href":"https:\/\/www.seedex.it\/fr\/wp-json\/wp\/v2\/product_tag?post=5650"}],"curies":[{"name":"wp","href":"https:\/\/api.w.org\/{rel}","templated":true}]}}