{"id":5642,"date":"2024-09-13T09:05:31","date_gmt":"2024-09-13T09:05:31","guid":{"rendered":"https:\/\/www.seedex.it\/prodotto\/ink-free-sistema-alimentazione-inchiostri\/"},"modified":"2025-09-02T15:41:41","modified_gmt":"2025-09-02T15:41:41","slug":"ink-free-sistema-alimentazione-inchiostri","status":"publish","type":"product","link":"https:\/\/www.seedex.it\/fr\/prodotto\/ink-free-sistema-alimentazione-inchiostri\/","title":{"rendered":"INK FREE"},"content":{"rendered":"","protected":false},"excerpt":{"rendered":"<p><span style=\"font-weight: 400;\">Un syst\u00e8me de stockage et d&#8217;alimentation automatique pour imprimantes num\u00e9riques \u00e0 jet d&#8217;encre. Un syst\u00e8me simple mais efficace qui contribue \u00e0 la production digital c\u00e9ramique gr\u00e2ce \u00e0 sept avantages importants :<\/span><\/p>\n<ul>\n<li style=\"font-weight: 400;\" aria-level=\"1\"><span style=\"font-weight: 400;\">Homog\u00e9n\u00e9it\u00e9 : Meilleure homog\u00e9n\u00e9it\u00e9 des couleurs pour une meilleure stabilit\u00e9 d&#8217;impression.<\/span><\/li>\n<li style=\"font-weight: 400;\" aria-level=\"1\"><span style=\"font-weight: 400;\">Z\u00e9ro D\u00e9chet : Plus aucune petite cuve avec des r\u00e9sidus d&#8217;encre ne sera jet\u00e9e.<\/span><\/li>\n<li style=\"font-weight: 400;\" aria-level=\"1\"><span style=\"font-weight: 400;\">Libert\u00e9 d&#8217;Erreur : Aucune inattention ou erreur lors du remplissage des encres dans la machine.<\/span><\/li>\n<li style=\"font-weight: 400;\" aria-level=\"1\"><span style=\"font-weight: 400;\">\u00c9conomie \u00c9cologique : Plus aucun conteneur ne sera jet\u00e9 apr\u00e8s utilisation.<\/span><\/li>\n<li style=\"font-weight: 400;\" aria-level=\"1\"><span style=\"font-weight: 400;\">\u00c9conomies : L&#8217;encre dans des conteneurs plus grands co\u00fbte moins cher.<\/span><\/li>\n<li style=\"font-weight: 400;\" aria-level=\"1\"><span style=\"font-weight: 400;\">Recirculation Continue de l&#8217;Encre : Qualit\u00e9 maximale, variations de ton minimales.<\/span><\/li>\n<li style=\"font-weight: 400;\" aria-level=\"1\"><span style=\"font-weight: 400;\">Surveillance et Gestion \u00e0 Distance.<\/span><\/li>\n<\/ul>\n<p><span style=\"font-weight: 400;\">Et bien plus encore.<\/span><\/p>\n","protected":false},"featured_media":5644,"template":"","meta":{"_acf_changed":false,"_vp_format_video_url":"","_vp_image_focal_point":[]},"product_cat":[551,438],"product_tag":[],"class_list":{"0":"post-5642","1":"product","2":"type-product","3":"status-publish","4":"has-post-thumbnail","6":"product_cat-inchiostri-fr","7":"product_cat-impression-numerique-ceramique","9":"first","10":"instock","11":"product-type-simple"},"acf":[],"_links":{"self":[{"href":"https:\/\/www.seedex.it\/fr\/wp-json\/wp\/v2\/product\/5642"}],"collection":[{"href":"https:\/\/www.seedex.it\/fr\/wp-json\/wp\/v2\/product"}],"about":[{"href":"https:\/\/www.seedex.it\/fr\/wp-json\/wp\/v2\/types\/product"}],"wp:featuredmedia":[{"embeddable":true,"href":"https:\/\/www.seedex.it\/fr\/wp-json\/wp\/v2\/media\/5644"}],"wp:attachment":[{"href":"https:\/\/www.seedex.it\/fr\/wp-json\/wp\/v2\/media?parent=5642"}],"wp:term":[{"taxonomy":"product_cat","embeddable":true,"href":"https:\/\/www.seedex.it\/fr\/wp-json\/wp\/v2\/product_cat?post=5642"},{"taxonomy":"product_tag","embeddable":true,"href":"https:\/\/www.seedex.it\/fr\/wp-json\/wp\/v2\/product_tag?post=5642"}],"curies":[{"name":"wp","href":"https:\/\/api.w.org\/{rel}","templated":true}]}}