{"id":5609,"date":"2024-09-13T09:05:31","date_gmt":"2024-09-13T09:05:31","guid":{"rendered":"https:\/\/www.seedex.it\/prodotto\/seed-breezer\/"},"modified":"2025-09-02T15:26:30","modified_gmt":"2025-09-02T15:26:30","slug":"seed-breezer","status":"publish","type":"product","link":"https:\/\/www.seedex.it\/fr\/prodotto\/seed-breezer\/","title":{"rendered":"SEED BREEZER"},"content":{"rendered":"","protected":false},"excerpt":{"rendered":"<p><span style=\"font-weight: 400;\">Un syst\u00e8me de refroidissement \u00e0 installer avant les imprimantes num\u00e9riques. Il est utilis\u00e9 pour abaisser la temp\u00e9rature et \u00e9liminer la vapeur d&#8217;eau de la carreau. Cette solution prolonge la dur\u00e9e de vie des t\u00eates d&#8217;impression et assure une d\u00e9coration uniforme et sans d\u00e9faut.<\/span><\/p>\n<p><span style=\"font-weight: 400;\">Ainsi compos\u00e9 :<\/span><\/p>\n<ul>\n<li style=\"font-weight: 400;\" aria-level=\"1\"><span style=\"font-weight: 400;\">Syst\u00e8me de recirculation innovant<\/span><\/li>\n<li style=\"font-weight: 400;\" aria-level=\"1\"><span style=\"font-weight: 400;\">Lames d&#8217;air avec syst\u00e8me anti-condensation<\/span><\/li>\n<li style=\"font-weight: 400;\" aria-level=\"1\"><span style=\"font-weight: 400;\">Rendement d&#8217;\u00e9change thermique maximal<\/span><\/li>\n<li style=\"font-weight: 400;\" aria-level=\"1\"><span style=\"font-weight: 400;\">Rev\u00eatu de panneaux isolants pour une efficacit\u00e9 \u00e9nerg\u00e9tique maximale<\/span><\/li>\n<\/ul>\n<p><span style=\"font-weight: 400;\">Disponible en diff\u00e9rentes versions (puissance de refroidissement, dimension des carreaux, nombre de ventilateurs ind\u00e9pendants).<\/span><\/p>\n","protected":false},"featured_media":5611,"template":"","meta":{"_acf_changed":false,"_vp_format_video_url":"","_vp_image_focal_point":[]},"product_cat":[549,438],"product_tag":[],"class_list":{"0":"post-5609","1":"product","2":"type-product","3":"status-publish","4":"has-post-thumbnail","6":"product_cat-accessori-fr","7":"product_cat-impression-numerique-ceramique","9":"first","10":"instock","11":"product-type-simple"},"acf":[],"_links":{"self":[{"href":"https:\/\/www.seedex.it\/fr\/wp-json\/wp\/v2\/product\/5609"}],"collection":[{"href":"https:\/\/www.seedex.it\/fr\/wp-json\/wp\/v2\/product"}],"about":[{"href":"https:\/\/www.seedex.it\/fr\/wp-json\/wp\/v2\/types\/product"}],"wp:featuredmedia":[{"embeddable":true,"href":"https:\/\/www.seedex.it\/fr\/wp-json\/wp\/v2\/media\/5611"}],"wp:attachment":[{"href":"https:\/\/www.seedex.it\/fr\/wp-json\/wp\/v2\/media?parent=5609"}],"wp:term":[{"taxonomy":"product_cat","embeddable":true,"href":"https:\/\/www.seedex.it\/fr\/wp-json\/wp\/v2\/product_cat?post=5609"},{"taxonomy":"product_tag","embeddable":true,"href":"https:\/\/www.seedex.it\/fr\/wp-json\/wp\/v2\/product_tag?post=5609"}],"curies":[{"name":"wp","href":"https:\/\/api.w.org\/{rel}","templated":true}]}}