{"id":5588,"date":"2025-06-18T13:56:20","date_gmt":"2025-06-18T13:56:20","guid":{"rendered":"https:\/\/www.seedex.it\/prodotto\/spugne-per-rifinitura\/"},"modified":"2025-09-02T15:10:23","modified_gmt":"2025-09-02T15:10:23","slug":"eponges-de-finition","status":"publish","type":"product","link":"https:\/\/www.seedex.it\/fr\/prodotto\/eponges-de-finition\/","title":{"rendered":"\u00c9PONGES DE FINITION"},"content":{"rendered":"","protected":false},"excerpt":{"rendered":"<p><span style=\"font-weight: 400;\">Ce sont des \u00e9ponges pratiques et \u00e9conomiques, disponibles en diff\u00e9rentes formes, tailles et duret\u00e9s. Elles sont id\u00e9ales pour la finition des pi\u00e8ces c\u00e9ramiques crues (\u00e0 l&#8217;\u00e9tat vert).<\/span><\/p>\n<p><span style=\"font-weight: 400;\">Fabriqu\u00e9es en polym\u00e8re de polyur\u00e9thane de haute qualit\u00e9, elles offrent d&#8217;excellentes performances et une longue dur\u00e9e de vie, notamment en cas de forte usure m\u00e9canique, comme c&#8217;est le cas dans les usines de c\u00e9ramique sanitaire. Elles garantissent des finitions rapides, de qualit\u00e9 et constantes.<\/span><\/p>\n","protected":false},"featured_media":5589,"template":"","meta":{"_acf_changed":false,"_vp_format_video_url":"","_vp_image_focal_point":[]},"product_cat":[479],"product_tag":[],"class_list":{"0":"post-5588","1":"product","2":"type-product","3":"status-publish","4":"has-post-thumbnail","6":"product_cat-industrie-sanitaire","8":"first","9":"instock","10":"product-type-simple"},"acf":[],"_links":{"self":[{"href":"https:\/\/www.seedex.it\/fr\/wp-json\/wp\/v2\/product\/5588"}],"collection":[{"href":"https:\/\/www.seedex.it\/fr\/wp-json\/wp\/v2\/product"}],"about":[{"href":"https:\/\/www.seedex.it\/fr\/wp-json\/wp\/v2\/types\/product"}],"wp:featuredmedia":[{"embeddable":true,"href":"https:\/\/www.seedex.it\/fr\/wp-json\/wp\/v2\/media\/5589"}],"wp:attachment":[{"href":"https:\/\/www.seedex.it\/fr\/wp-json\/wp\/v2\/media?parent=5588"}],"wp:term":[{"taxonomy":"product_cat","embeddable":true,"href":"https:\/\/www.seedex.it\/fr\/wp-json\/wp\/v2\/product_cat?post=5588"},{"taxonomy":"product_tag","embeddable":true,"href":"https:\/\/www.seedex.it\/fr\/wp-json\/wp\/v2\/product_tag?post=5588"}],"curies":[{"name":"wp","href":"https:\/\/api.w.org\/{rel}","templated":true}]}}