{"id":5555,"date":"2024-09-13T09:05:31","date_gmt":"2024-09-13T09:05:31","guid":{"rendered":"https:\/\/www.seedex.it\/prodotto\/scanner-rgb\/"},"modified":"2025-09-02T14:39:55","modified_gmt":"2025-09-02T14:39:55","slug":"scanners-rgb","status":"publish","type":"product","link":"https:\/\/www.seedex.it\/fr\/prodotto\/scanners-rgb\/","title":{"rendered":"Scanners RGB"},"content":{"rendered":"","protected":false},"excerpt":{"rendered":"<p><b>Scanners RGB<\/b><\/p>\n<p><span style=\"font-weight: 400;\">Nous s\u00e9lectionnons et proposons les meilleurs scanners \u00e0 plat du march\u00e9, en les \u00e9valuant sur la base de notre exp\u00e9rience c\u00e9ramique. Un <\/span><b>mat\u00e9riel de qualit\u00e9, avec un service apr\u00e8s-vente et des pi\u00e8ces de rechange garantis pendant des ann\u00e9es<\/b><span style=\"font-weight: 400;\">, pour un produit qui permet d&#8217;acqu\u00e9rir un sujet existant tout en pr\u00e9servant et en mettant en \u00e9vidence sa <\/span><b>texture graphique et ses couleurs<\/b><span style=\"font-weight: 400;\">.<\/span><\/p>\n","protected":false},"featured_media":5557,"template":"","meta":{"_acf_changed":false,"_vp_format_video_url":"","_vp_image_focal_point":[]},"product_cat":[541,534,470],"product_tag":[],"class_list":{"0":"post-5555","1":"product","2":"type-product","3":"status-publish","4":"has-post-thumbnail","6":"product_cat-scanner-piani-epson-fr","7":"product_cat-sistemi-di-acquisizione-fr","8":"product_cat-traitement-graphique-numerique","10":"first","11":"instock","12":"product-type-simple"},"acf":[],"_links":{"self":[{"href":"https:\/\/www.seedex.it\/fr\/wp-json\/wp\/v2\/product\/5555"}],"collection":[{"href":"https:\/\/www.seedex.it\/fr\/wp-json\/wp\/v2\/product"}],"about":[{"href":"https:\/\/www.seedex.it\/fr\/wp-json\/wp\/v2\/types\/product"}],"wp:featuredmedia":[{"embeddable":true,"href":"https:\/\/www.seedex.it\/fr\/wp-json\/wp\/v2\/media\/5557"}],"wp:attachment":[{"href":"https:\/\/www.seedex.it\/fr\/wp-json\/wp\/v2\/media?parent=5555"}],"wp:term":[{"taxonomy":"product_cat","embeddable":true,"href":"https:\/\/www.seedex.it\/fr\/wp-json\/wp\/v2\/product_cat?post=5555"},{"taxonomy":"product_tag","embeddable":true,"href":"https:\/\/www.seedex.it\/fr\/wp-json\/wp\/v2\/product_tag?post=5555"}],"curies":[{"name":"wp","href":"https:\/\/api.w.org\/{rel}","templated":true}]}}