{"id":5521,"date":"2024-09-13T09:05:17","date_gmt":"2024-09-13T09:05:17","guid":{"rendered":"https:\/\/www.seedex.it\/prodotto\/spettrofotometri-i1\/"},"modified":"2025-09-02T13:40:34","modified_gmt":"2025-09-02T13:40:34","slug":"spectrophotometres-i1","status":"publish","type":"product","link":"https:\/\/www.seedex.it\/fr\/prodotto\/spectrophotometres-i1\/","title":{"rendered":"Spectrophotom\u00e8tres I1"},"content":{"rendered":"","protected":false},"excerpt":{"rendered":"<p><b>Spectrophotom\u00e8tres I1<\/b><\/p>\n<p><span style=\"font-weight: 400;\">Ce sont des solutions professionnelles et abordables pour la <\/span><b>mesure spectrale des couleurs<\/b><span style=\"font-weight: 400;\">, avec des fonctions de profilage pour les \u00e9crans et les projecteurs, ainsi que pour le contr\u00f4le de la qualit\u00e9 de l&#8217;impression.<\/span><\/p>\n<p><span style=\"font-weight: 400;\">Ils sont disponibles en deux versions logicielles :<\/span><\/p>\n<ul>\n<li style=\"font-weight: 400;\" aria-level=\"1\"><b>BASIC :<\/b><span style=\"font-weight: 400;\"> Inclut la lecture des couleurs, la prise en charge de logiciels de profilage tiers et l&#8217;\u00e9talonnage des moniteurs.<\/span><\/li>\n<li style=\"font-weight: 400;\" aria-level=\"1\"><b>PUBLISH :<\/b><span style=\"font-weight: 400;\"> Comprend les m\u00eames fonctionnalit\u00e9s que la version Basic, avec en plus la possibilit\u00e9 de g\u00e9n\u00e9rer des profils ICC en CMJN ou en multi-couleurs.<\/span><\/li>\n<\/ul>\n","protected":false},"featured_media":5523,"template":"","meta":{"_acf_changed":false,"_vp_format_video_url":"","_vp_image_focal_point":[]},"product_cat":[523,529,470],"product_tag":[],"class_list":{"0":"post-5521","1":"product","2":"type-product","3":"status-publish","4":"has-post-thumbnail","6":"product_cat-sistemi-di-misura-fr","7":"product_cat-spettrofotometro-eyeone-fr","8":"product_cat-traitement-graphique-numerique","10":"first","11":"instock","12":"product-type-simple"},"acf":[],"_links":{"self":[{"href":"https:\/\/www.seedex.it\/fr\/wp-json\/wp\/v2\/product\/5521"}],"collection":[{"href":"https:\/\/www.seedex.it\/fr\/wp-json\/wp\/v2\/product"}],"about":[{"href":"https:\/\/www.seedex.it\/fr\/wp-json\/wp\/v2\/types\/product"}],"wp:featuredmedia":[{"embeddable":true,"href":"https:\/\/www.seedex.it\/fr\/wp-json\/wp\/v2\/media\/5523"}],"wp:attachment":[{"href":"https:\/\/www.seedex.it\/fr\/wp-json\/wp\/v2\/media?parent=5521"}],"wp:term":[{"taxonomy":"product_cat","embeddable":true,"href":"https:\/\/www.seedex.it\/fr\/wp-json\/wp\/v2\/product_cat?post=5521"},{"taxonomy":"product_tag","embeddable":true,"href":"https:\/\/www.seedex.it\/fr\/wp-json\/wp\/v2\/product_tag?post=5521"}],"curies":[{"name":"wp","href":"https:\/\/api.w.org\/{rel}","templated":true}]}}