{"id":5490,"date":"2024-09-13T09:05:17","date_gmt":"2024-09-13T09:05:17","guid":{"rendered":"https:\/\/www.seedex.it\/prodotto\/spectropad-barbieri\/"},"modified":"2025-09-02T13:05:30","modified_gmt":"2025-09-02T13:05:30","slug":"spectropad","status":"publish","type":"product","link":"https:\/\/www.seedex.it\/fr\/prodotto\/spectropad\/","title":{"rendered":"Spectropad"},"content":{"rendered":"","protected":false},"excerpt":{"rendered":"<p><span style=\"font-weight: 400;\">Le <\/span><b>Spectropad<\/b><span style=\"font-weight: 400;\"> est un appareil r\u00e9volutionnaire de mesure de la couleur et de contr\u00f4le des processus. Ce spectrophotom\u00e8tre portable et professionnel mesure une grande vari\u00e9t\u00e9 de supports r\u00e9fl\u00e9chissants utilis\u00e9s dans l&#8217;impression num\u00e9rique. Gr\u00e2ce \u00e0 son ind\u00e9pendance vis-\u00e0-vis d&#8217;un ordinateur, il peut \u00e9galement \u00eatre utilis\u00e9 directement sur l&#8217;imprimante. Son \u00e9cran tactile int\u00e9gr\u00e9 permet d&#8217;interagir avec l&#8217;appareil et fournit des r\u00e9sultats de mesure instantan\u00e9s.<\/span><\/p>\n<p><span style=\"font-weight: 400;\">Cet instrument portable utilise la m\u00eame technologie que celle d\u00e9j\u00e0 mise en \u0153uvre avec succ\u00e8s dans l&#8217;instrument <\/span><b>Spectro LFP<\/b><span style=\"font-weight: 400;\"> (disponible sur demande).<\/span><\/p>\n","protected":false},"featured_media":5492,"template":"","meta":{"_acf_changed":false,"_vp_format_video_url":"","_vp_image_focal_point":[]},"product_cat":[523,524,470],"product_tag":[],"class_list":{"0":"post-5490","1":"product","2":"type-product","3":"status-publish","4":"has-post-thumbnail","6":"product_cat-sistemi-di-misura-fr","7":"product_cat-spettrofotometro-spectropad-barbieri-fr","8":"product_cat-traitement-graphique-numerique","10":"first","11":"instock","12":"product-type-simple"},"acf":[],"_links":{"self":[{"href":"https:\/\/www.seedex.it\/fr\/wp-json\/wp\/v2\/product\/5490"}],"collection":[{"href":"https:\/\/www.seedex.it\/fr\/wp-json\/wp\/v2\/product"}],"about":[{"href":"https:\/\/www.seedex.it\/fr\/wp-json\/wp\/v2\/types\/product"}],"wp:featuredmedia":[{"embeddable":true,"href":"https:\/\/www.seedex.it\/fr\/wp-json\/wp\/v2\/media\/5492"}],"wp:attachment":[{"href":"https:\/\/www.seedex.it\/fr\/wp-json\/wp\/v2\/media?parent=5490"}],"wp:term":[{"taxonomy":"product_cat","embeddable":true,"href":"https:\/\/www.seedex.it\/fr\/wp-json\/wp\/v2\/product_cat?post=5490"},{"taxonomy":"product_tag","embeddable":true,"href":"https:\/\/www.seedex.it\/fr\/wp-json\/wp\/v2\/product_tag?post=5490"}],"curies":[{"name":"wp","href":"https:\/\/api.w.org\/{rel}","templated":true}]}}