{"id":5480,"date":"2024-09-13T09:05:16","date_gmt":"2024-09-13T09:05:16","guid":{"rendered":"https:\/\/www.seedex.it\/prodotto\/macchina-pulisci-rulli-ceramici-e-ricambi\/"},"modified":"2025-09-02T12:57:39","modified_gmt":"2025-09-02T12:57:39","slug":"machine-de-nettoyage-de-rouleaux-ceramiques-et-pieces-de-rechange","status":"publish","type":"product","link":"https:\/\/www.seedex.it\/fr\/prodotto\/machine-de-nettoyage-de-rouleaux-ceramiques-et-pieces-de-rechange\/","title":{"rendered":"Machine de Nettoyage de Rouleaux C\u00e9ramiques et Pi\u00e8ces de Rechange"},"content":{"rendered":"","protected":false},"excerpt":{"rendered":"<p><span style=\"font-weight: 400;\">Machine de nettoyage de rouleaux c\u00e9ramiques et ses pi\u00e8ces de rechange (disques diamant\u00e9s, rouleaux en caoutchouc, etc.).<\/span><\/p>\n","protected":false},"featured_media":5482,"template":"","meta":{"_acf_changed":false,"_vp_format_video_url":"","_vp_image_focal_point":[]},"product_cat":[442,519],"product_tag":[],"class_list":{"0":"post-5480","1":"product","2":"type-product","3":"status-publish","4":"has-post-thumbnail","6":"product_cat-fours-et-sechoirs","7":"product_cat-machine-de-nettoyage-de-rouleaux-ceramiques-et-pieces-de-rechange-fr","9":"first","10":"instock","11":"product-type-simple"},"acf":[],"_links":{"self":[{"href":"https:\/\/www.seedex.it\/fr\/wp-json\/wp\/v2\/product\/5480"}],"collection":[{"href":"https:\/\/www.seedex.it\/fr\/wp-json\/wp\/v2\/product"}],"about":[{"href":"https:\/\/www.seedex.it\/fr\/wp-json\/wp\/v2\/types\/product"}],"wp:featuredmedia":[{"embeddable":true,"href":"https:\/\/www.seedex.it\/fr\/wp-json\/wp\/v2\/media\/5482"}],"wp:attachment":[{"href":"https:\/\/www.seedex.it\/fr\/wp-json\/wp\/v2\/media?parent=5480"}],"wp:term":[{"taxonomy":"product_cat","embeddable":true,"href":"https:\/\/www.seedex.it\/fr\/wp-json\/wp\/v2\/product_cat?post=5480"},{"taxonomy":"product_tag","embeddable":true,"href":"https:\/\/www.seedex.it\/fr\/wp-json\/wp\/v2\/product_tag?post=5480"}],"curies":[{"name":"wp","href":"https:\/\/api.w.org\/{rel}","templated":true}]}}