{"id":5422,"date":"2025-06-18T12:23:15","date_gmt":"2025-06-18T12:23:15","guid":{"rendered":"https:\/\/www.seedex.it\/prodotto\/colorimetro\/"},"modified":"2025-09-02T10:16:01","modified_gmt":"2025-09-02T10:16:01","slug":"colorimetre","status":"publish","type":"product","link":"https:\/\/www.seedex.it\/fr\/prodotto\/colorimetre\/","title":{"rendered":"Colorim\u00e8tre"},"content":{"rendered":"","protected":false},"excerpt":{"rendered":"<p><span style=\"font-weight: 400;\">Les <\/span><b>colorim\u00e8tres<\/b><span style=\"font-weight: 400;\"> sont fondamentaux pour v\u00e9rifier que la couleur des produits c\u00e9ramiques se situe dans les param\u00e8tres \u00e9tablis, garantissant ainsi la coh\u00e9rence de la production. Ils permettent d&#8217;analyser et de reproduire fid\u00e8lement les couleurs souhait\u00e9es, aussi bien pour de nouveaux produits que pour la correspondance avec des \u00e9chantillons existants.<\/span><\/p>\n","protected":false},"featured_media":5423,"template":"","meta":{"_acf_changed":false,"_vp_format_video_url":"","_vp_image_focal_point":[]},"product_cat":[474,475,470],"product_tag":[],"class_list":{"0":"post-5422","1":"product","2":"type-product","3":"status-publish","4":"has-post-thumbnail","6":"product_cat-featured-fr","7":"product_cat-spettrofotometri-a-sfera-fr","8":"product_cat-traitement-graphique-numerique","10":"first","11":"instock","12":"product-type-simple"},"acf":[],"_links":{"self":[{"href":"https:\/\/www.seedex.it\/fr\/wp-json\/wp\/v2\/product\/5422"}],"collection":[{"href":"https:\/\/www.seedex.it\/fr\/wp-json\/wp\/v2\/product"}],"about":[{"href":"https:\/\/www.seedex.it\/fr\/wp-json\/wp\/v2\/types\/product"}],"wp:featuredmedia":[{"embeddable":true,"href":"https:\/\/www.seedex.it\/fr\/wp-json\/wp\/v2\/media\/5423"}],"wp:attachment":[{"href":"https:\/\/www.seedex.it\/fr\/wp-json\/wp\/v2\/media?parent=5422"}],"wp:term":[{"taxonomy":"product_cat","embeddable":true,"href":"https:\/\/www.seedex.it\/fr\/wp-json\/wp\/v2\/product_cat?post=5422"},{"taxonomy":"product_tag","embeddable":true,"href":"https:\/\/www.seedex.it\/fr\/wp-json\/wp\/v2\/product_tag?post=5422"}],"curies":[{"name":"wp","href":"https:\/\/api.w.org\/{rel}","templated":true}]}}