{"id":5414,"date":"2024-09-13T09:05:16","date_gmt":"2024-09-13T09:05:16","guid":{"rendered":"https:\/\/www.seedex.it\/prodotto\/cabine-luce-per-la-valutazione-del-colore\/"},"modified":"2025-09-02T10:11:16","modified_gmt":"2025-09-02T10:11:16","slug":"cabines-lumiere-pour-levaluation-des-couleurs","status":"publish","type":"product","link":"https:\/\/www.seedex.it\/fr\/prodotto\/cabines-lumiere-pour-levaluation-des-couleurs\/","title":{"rendered":"CABINES LUMI\u00c8RE POUR L&#8217;\u00c9VALUATION DES COULEURS"},"content":{"rendered":"","protected":false},"excerpt":{"rendered":"<p><span style=\"font-weight: 400;\">La cabine lumi\u00e8re est un composant fondamental pour la <\/span><b>v\u00e9rification de la couleur du produit fini<\/b><span style=\"font-weight: 400;\">. Ces instruments sont utilis\u00e9s tant pour l&#8217;<\/span><b>\u00e9valuation de la qualit\u00e9 des produits fabriqu\u00e9s<\/b><span style=\"font-weight: 400;\"> que pour l&#8217;<\/span><b>\u00e9laboration de nouveaux designs et associations de couleurs<\/b><span style=\"font-weight: 400;\">.<\/span><\/p>\n<p><span style=\"font-weight: 400;\">Les possibilit\u00e9s sont multiples et permettent de simuler l&#8217;\u00e9clairage naturel ou artificiel selon les crit\u00e8res d\u00e9finis par la r\u00e9glementation ou par le client.<\/span><\/p>\n<p><span style=\"font-weight: 400;\">Diverses versions sont disponibles, qui diff\u00e8rent par leur taille et les types d&#8217;\u00e9clairants.<\/span><\/p>\n","protected":false},"featured_media":5416,"template":"","meta":{"_acf_changed":false,"_vp_format_video_url":"","_vp_image_focal_point":[]},"product_cat":[468,469,470],"product_tag":[],"class_list":{"0":"post-5414","1":"product","2":"type-product","3":"status-publish","4":"has-post-thumbnail","6":"product_cat-cabine-luce-fr","7":"product_cat-controllo-colore-e-prodotto-fr","8":"product_cat-traitement-graphique-numerique","10":"first","11":"instock","12":"product-type-simple"},"acf":[],"_links":{"self":[{"href":"https:\/\/www.seedex.it\/fr\/wp-json\/wp\/v2\/product\/5414"}],"collection":[{"href":"https:\/\/www.seedex.it\/fr\/wp-json\/wp\/v2\/product"}],"about":[{"href":"https:\/\/www.seedex.it\/fr\/wp-json\/wp\/v2\/types\/product"}],"wp:featuredmedia":[{"embeddable":true,"href":"https:\/\/www.seedex.it\/fr\/wp-json\/wp\/v2\/media\/5416"}],"wp:attachment":[{"href":"https:\/\/www.seedex.it\/fr\/wp-json\/wp\/v2\/media?parent=5414"}],"wp:term":[{"taxonomy":"product_cat","embeddable":true,"href":"https:\/\/www.seedex.it\/fr\/wp-json\/wp\/v2\/product_cat?post=5414"},{"taxonomy":"product_tag","embeddable":true,"href":"https:\/\/www.seedex.it\/fr\/wp-json\/wp\/v2\/product_tag?post=5414"}],"curies":[{"name":"wp","href":"https:\/\/api.w.org\/{rel}","templated":true}]}}