{"id":5337,"date":"2025-06-18T10:20:00","date_gmt":"2025-06-18T10:20:00","guid":{"rendered":"https:\/\/www.seedex.it\/prodotto\/macchina-gira-rulli\/"},"modified":"2025-09-02T09:32:11","modified_gmt":"2025-09-02T09:32:11","slug":"machine-a-tourner-les-rouleaux","status":"publish","type":"product","link":"https:\/\/www.seedex.it\/fr\/prodotto\/machine-a-tourner-les-rouleaux\/","title":{"rendered":"Machine \u00e0 Tourner les Rouleaux"},"content":{"rendered":"","protected":false},"excerpt":{"rendered":"<p><span style=\"font-weight: 400;\">Cette machine maintient en rotation les rouleaux (jusqu&#8217;\u00e0 22) en mat\u00e9riau c\u00e9ramique apr\u00e8s leur extraction du four afin d&#8217;assurer un refroidissement progressif qui en pr\u00e9serve la fonctionnalit\u00e9.<\/span><\/p>\n","protected":false},"featured_media":5338,"template":"","meta":{"_acf_changed":false,"_vp_format_video_url":"","_vp_image_focal_point":[]},"product_cat":[442],"product_tag":[],"class_list":{"0":"post-5337","1":"product","2":"type-product","3":"status-publish","4":"has-post-thumbnail","6":"product_cat-fours-et-sechoirs","8":"first","9":"instock","10":"product-type-simple"},"acf":[],"_links":{"self":[{"href":"https:\/\/www.seedex.it\/fr\/wp-json\/wp\/v2\/product\/5337"}],"collection":[{"href":"https:\/\/www.seedex.it\/fr\/wp-json\/wp\/v2\/product"}],"about":[{"href":"https:\/\/www.seedex.it\/fr\/wp-json\/wp\/v2\/types\/product"}],"wp:featuredmedia":[{"embeddable":true,"href":"https:\/\/www.seedex.it\/fr\/wp-json\/wp\/v2\/media\/5338"}],"wp:attachment":[{"href":"https:\/\/www.seedex.it\/fr\/wp-json\/wp\/v2\/media?parent=5337"}],"wp:term":[{"taxonomy":"product_cat","embeddable":true,"href":"https:\/\/www.seedex.it\/fr\/wp-json\/wp\/v2\/product_cat?post=5337"},{"taxonomy":"product_tag","embeddable":true,"href":"https:\/\/www.seedex.it\/fr\/wp-json\/wp\/v2\/product_tag?post=5337"}],"curies":[{"name":"wp","href":"https:\/\/api.w.org\/{rel}","templated":true}]}}