{"id":5329,"date":"2024-09-13T09:03:56","date_gmt":"2024-09-13T09:03:56","guid":{"rendered":"https:\/\/www.seedex.it\/prodotto\/rulli-ceramici-per-forni-e-materiali-refrattari\/"},"modified":"2025-09-02T09:29:16","modified_gmt":"2025-09-02T09:29:16","slug":"rouleaux-ceramiques-pour-fours-et-materiaux-refractaires","status":"publish","type":"product","link":"https:\/\/www.seedex.it\/fr\/prodotto\/rouleaux-ceramiques-pour-fours-et-materiaux-refractaires\/","title":{"rendered":"Rouleaux C\u00e9ramiques pour Fours et Mat\u00e9riaux R\u00e9fractaires"},"content":{"rendered":"","protected":false},"excerpt":{"rendered":"<p class=\"p1\"><span style=\"font-weight: 400;\">Rouleaux, br\u00fbleurs, briques, fibre c\u00e9ramique, ciment, et bien plus encore. Les meilleures marques pour des produits de haute qualit\u00e9.<\/span><\/p>\n","protected":false},"featured_media":5331,"template":"","meta":{"_acf_changed":false,"_vp_format_video_url":"","_vp_image_focal_point":[]},"product_cat":[442],"product_tag":[],"class_list":{"0":"post-5329","1":"product","2":"type-product","3":"status-publish","4":"has-post-thumbnail","6":"product_cat-fours-et-sechoirs","8":"first","9":"instock","10":"product-type-simple"},"acf":[],"_links":{"self":[{"href":"https:\/\/www.seedex.it\/fr\/wp-json\/wp\/v2\/product\/5329"}],"collection":[{"href":"https:\/\/www.seedex.it\/fr\/wp-json\/wp\/v2\/product"}],"about":[{"href":"https:\/\/www.seedex.it\/fr\/wp-json\/wp\/v2\/types\/product"}],"wp:featuredmedia":[{"embeddable":true,"href":"https:\/\/www.seedex.it\/fr\/wp-json\/wp\/v2\/media\/5331"}],"wp:attachment":[{"href":"https:\/\/www.seedex.it\/fr\/wp-json\/wp\/v2\/media?parent=5329"}],"wp:term":[{"taxonomy":"product_cat","embeddable":true,"href":"https:\/\/www.seedex.it\/fr\/wp-json\/wp\/v2\/product_cat?post=5329"},{"taxonomy":"product_tag","embeddable":true,"href":"https:\/\/www.seedex.it\/fr\/wp-json\/wp\/v2\/product_tag?post=5329"}],"curies":[{"name":"wp","href":"https:\/\/api.w.org\/{rel}","templated":true}]}}