{"id":5317,"date":"2025-06-18T10:13:15","date_gmt":"2025-06-18T10:13:15","guid":{"rendered":"https:\/\/www.seedex.it\/prodotto\/rivestimento-rulli-forno\/"},"modified":"2025-09-02T12:10:56","modified_gmt":"2025-09-02T12:10:56","slug":"revetement-de-rouleaux-de-four","status":"publish","type":"product","link":"https:\/\/www.seedex.it\/fr\/prodotto\/revetement-de-rouleaux-de-four\/","title":{"rendered":"Rev\u00eatement de Rouleaux de Four"},"content":{"rendered":"","protected":false},"excerpt":{"rendered":"<p><span style=\"font-weight: 400;\">Rev\u00eatement de rouleaux pour four en diff\u00e9rents mat\u00e9riaux et types.<\/span><\/p>\n","protected":false},"featured_media":5318,"template":"","meta":{"_acf_changed":false,"_vp_format_video_url":"","_vp_image_focal_point":[]},"product_cat":[456,457],"product_tag":[],"class_list":{"0":"post-5317","1":"product","2":"type-product","3":"status-publish","4":"has-post-thumbnail","6":"product_cat-forni-ed-essicattoi-fr","7":"product_cat-revetement-de-rouleaux-de-four-fr","9":"first","10":"instock","11":"product-type-simple"},"acf":[],"_links":{"self":[{"href":"https:\/\/www.seedex.it\/fr\/wp-json\/wp\/v2\/product\/5317"}],"collection":[{"href":"https:\/\/www.seedex.it\/fr\/wp-json\/wp\/v2\/product"}],"about":[{"href":"https:\/\/www.seedex.it\/fr\/wp-json\/wp\/v2\/types\/product"}],"wp:featuredmedia":[{"embeddable":true,"href":"https:\/\/www.seedex.it\/fr\/wp-json\/wp\/v2\/media\/5318"}],"wp:attachment":[{"href":"https:\/\/www.seedex.it\/fr\/wp-json\/wp\/v2\/media?parent=5317"}],"wp:term":[{"taxonomy":"product_cat","embeddable":true,"href":"https:\/\/www.seedex.it\/fr\/wp-json\/wp\/v2\/product_cat?post=5317"},{"taxonomy":"product_tag","embeddable":true,"href":"https:\/\/www.seedex.it\/fr\/wp-json\/wp\/v2\/product_tag?post=5317"}],"curies":[{"name":"wp","href":"https:\/\/api.w.org\/{rel}","templated":true}]}}