{"id":5309,"date":"2024-09-13T09:03:56","date_gmt":"2024-09-13T09:03:56","guid":{"rendered":"https:\/\/www.seedex.it\/prodotto\/pressostati-e-regolatori-temperatura\/"},"modified":"2025-09-02T12:06:12","modified_gmt":"2025-09-02T12:06:12","slug":"pressostats-et-regulateurs-de-temperature","status":"publish","type":"product","link":"https:\/\/www.seedex.it\/fr\/prodotto\/pressostats-et-regulateurs-de-temperature\/","title":{"rendered":"Pressostats et R\u00e9gulateurs de Temp\u00e9rature"},"content":{"rendered":"","protected":false},"excerpt":{"rendered":"<p><span style=\"font-weight: 400;\">Les marques les plus connues et fiables de pressostats et de r\u00e9gulateurs de temp\u00e9rature pour fours et s\u00e9choirs c\u00e9ramiques. Dungs, Krom Schroder, Brahma, Siemens, Jumo, Ascon Technologies, et bien d&#8217;autres.<\/span><\/p>\n","protected":false},"featured_media":5311,"template":"","meta":{"_acf_changed":false,"_vp_format_video_url":"","_vp_image_focal_point":[]},"product_cat":[442,450],"product_tag":[],"class_list":{"0":"post-5309","1":"product","2":"type-product","3":"status-publish","4":"has-post-thumbnail","6":"product_cat-fours-et-sechoirs","7":"product_cat-pressostats-et-regulateurs-de-temperature","9":"first","10":"instock","11":"product-type-simple"},"acf":[],"_links":{"self":[{"href":"https:\/\/www.seedex.it\/fr\/wp-json\/wp\/v2\/product\/5309"}],"collection":[{"href":"https:\/\/www.seedex.it\/fr\/wp-json\/wp\/v2\/product"}],"about":[{"href":"https:\/\/www.seedex.it\/fr\/wp-json\/wp\/v2\/types\/product"}],"wp:featuredmedia":[{"embeddable":true,"href":"https:\/\/www.seedex.it\/fr\/wp-json\/wp\/v2\/media\/5311"}],"wp:attachment":[{"href":"https:\/\/www.seedex.it\/fr\/wp-json\/wp\/v2\/media?parent=5309"}],"wp:term":[{"taxonomy":"product_cat","embeddable":true,"href":"https:\/\/www.seedex.it\/fr\/wp-json\/wp\/v2\/product_cat?post=5309"},{"taxonomy":"product_tag","embeddable":true,"href":"https:\/\/www.seedex.it\/fr\/wp-json\/wp\/v2\/product_tag?post=5309"}],"curies":[{"name":"wp","href":"https:\/\/api.w.org\/{rel}","templated":true}]}}