{"id":8027,"date":"2024-06-20T07:52:30","date_gmt":"2024-06-20T07:52:30","guid":{"rendered":"https:\/\/www.seedex.it\/prodotto\/distillatore\/"},"modified":"2025-09-22T07:49:53","modified_gmt":"2025-09-22T07:49:53","slug":"distillatore","status":"publish","type":"product","link":"https:\/\/www.seedex.it\/es\/prodotto\/distillatore\/","title":{"rendered":"Destilador"},"content":{"rendered":"","protected":false},"excerpt":{"rendered":"<p class=\"p1\">Este destilador produce agua destilada de alta pureza para las aplicaciones de laboratorio m\u00e1s comunes. Fabricado en acero inoxidable, es ideal para la producci\u00f3n de agua de alta calidad. Incluye un sensor de nivel para un funcionamiento autom\u00e1tico.<\/p>\n","protected":false},"featured_media":8029,"template":"","meta":{"_acf_changed":false,"_vp_format_video_url":"","_vp_image_focal_point":[]},"product_cat":[710],"product_tag":[],"class_list":{"0":"post-8027","1":"product","2":"type-product","3":"status-publish","4":"has-post-thumbnail","6":"product_cat-ceramic-laboratory-es","8":"first","9":"instock","10":"shipping-taxable","11":"product-type-simple"},"acf":[],"_links":{"self":[{"href":"https:\/\/www.seedex.it\/es\/wp-json\/wp\/v2\/product\/8027"}],"collection":[{"href":"https:\/\/www.seedex.it\/es\/wp-json\/wp\/v2\/product"}],"about":[{"href":"https:\/\/www.seedex.it\/es\/wp-json\/wp\/v2\/types\/product"}],"wp:featuredmedia":[{"embeddable":true,"href":"https:\/\/www.seedex.it\/es\/wp-json\/wp\/v2\/media\/8029"}],"wp:attachment":[{"href":"https:\/\/www.seedex.it\/es\/wp-json\/wp\/v2\/media?parent=8027"}],"wp:term":[{"taxonomy":"product_cat","embeddable":true,"href":"https:\/\/www.seedex.it\/es\/wp-json\/wp\/v2\/product_cat?post=8027"},{"taxonomy":"product_tag","embeddable":true,"href":"https:\/\/www.seedex.it\/es\/wp-json\/wp\/v2\/product_tag?post=8027"}],"curies":[{"name":"wp","href":"https:\/\/api.w.org\/{rel}","templated":true}]}}