{"id":8012,"date":"2024-09-13T09:04:43","date_gmt":"2024-09-13T09:04:43","guid":{"rendered":"https:\/\/www.seedex.it\/prodotto\/frantoio-a-mascelle\/"},"modified":"2025-09-22T07:44:30","modified_gmt":"2025-09-22T07:44:30","slug":"frantoio-a-mascelle","status":"publish","type":"product","link":"https:\/\/www.seedex.it\/es\/prodotto\/frantoio-a-mascelle\/","title":{"rendered":"Trituradora de Mand\u00edbulas"},"content":{"rendered":"","protected":false},"excerpt":{"rendered":"<p class=\"p1\">Se trata de una trituradora de mand\u00edbulas de grado de laboratorio, utilizada para triturar agregados, muestras de minerales y otros materiales muy duros. La boca de alimentaci\u00f3n mide 100&#215;60 mm y la producci\u00f3n horaria var\u00eda de 100 a 400 kg seg\u00fan el tipo de material. La apertura de las mand\u00edbulas se puede ajustar de 2 a 15 mm. La estructura es de hierro fundido con mand\u00edbulas de manganeso.<\/p>\n","protected":false},"featured_media":8013,"template":"","meta":{"_acf_changed":false,"_vp_format_video_url":"","_vp_image_focal_point":[]},"product_cat":[560],"product_tag":[],"class_list":{"0":"post-8012","1":"product","2":"type-product","3":"status-publish","4":"has-post-thumbnail","6":"product_cat-laboratorio-ceramico-e-di-controllo-es","8":"first","9":"instock","10":"product-type-simple"},"acf":[],"_links":{"self":[{"href":"https:\/\/www.seedex.it\/es\/wp-json\/wp\/v2\/product\/8012"}],"collection":[{"href":"https:\/\/www.seedex.it\/es\/wp-json\/wp\/v2\/product"}],"about":[{"href":"https:\/\/www.seedex.it\/es\/wp-json\/wp\/v2\/types\/product"}],"wp:featuredmedia":[{"embeddable":true,"href":"https:\/\/www.seedex.it\/es\/wp-json\/wp\/v2\/media\/8013"}],"wp:attachment":[{"href":"https:\/\/www.seedex.it\/es\/wp-json\/wp\/v2\/media?parent=8012"}],"wp:term":[{"taxonomy":"product_cat","embeddable":true,"href":"https:\/\/www.seedex.it\/es\/wp-json\/wp\/v2\/product_cat?post=8012"},{"taxonomy":"product_tag","embeddable":true,"href":"https:\/\/www.seedex.it\/es\/wp-json\/wp\/v2\/product_tag?post=8012"}],"curies":[{"name":"wp","href":"https:\/\/api.w.org\/{rel}","templated":true}]}}