{"id":7980,"date":"2024-09-13T09:05:32","date_gmt":"2024-09-13T09:05:32","guid":{"rendered":"https:\/\/www.seedex.it\/prodotto\/materie-e-prodotti-chimici\/"},"modified":"2025-09-22T07:22:29","modified_gmt":"2025-09-22T07:22:29","slug":"materiales-y-productos-quimicos","status":"publish","type":"product","link":"https:\/\/www.seedex.it\/es\/prodotto\/materiales-y-productos-quimicos\/","title":{"rendered":"Materiales y Productos Qu\u00edmicos"},"content":{"rendered":"","protected":false},"excerpt":{"rendered":"<p class=\"p1\">Gracias a la experiencia previa de los miembros del equipo de Seedex (laboratorio cer\u00e1mico, f\u00e1brica de pinturas, aditivos), estamos en contacto con los mejores fabricantes de materiales y productos qu\u00edmicos para la industria cer\u00e1mica. Podemos ser el enlace perfecto entre el fabricante de cer\u00e1mica y el proveedor.<\/p>\n<p>&nbsp;<\/p>\n<p>&nbsp;<\/p>\n","protected":false},"featured_media":7981,"template":"","meta":{"_acf_changed":false,"_vp_format_video_url":"","_vp_image_focal_point":[]},"product_cat":[806,807,808],"product_tag":[],"class_list":{"0":"post-7980","1":"product","2":"type-product","3":"status-publish","4":"has-post-thumbnail","6":"product_cat-corpi-macinanti-es","7":"product_cat-materie-e-prodotti-chimici-es","8":"product_cat-materie-prime-es","10":"first","11":"instock","12":"product-type-simple"},"acf":[],"_links":{"self":[{"href":"https:\/\/www.seedex.it\/es\/wp-json\/wp\/v2\/product\/7980"}],"collection":[{"href":"https:\/\/www.seedex.it\/es\/wp-json\/wp\/v2\/product"}],"about":[{"href":"https:\/\/www.seedex.it\/es\/wp-json\/wp\/v2\/types\/product"}],"wp:featuredmedia":[{"embeddable":true,"href":"https:\/\/www.seedex.it\/es\/wp-json\/wp\/v2\/media\/7981"}],"wp:attachment":[{"href":"https:\/\/www.seedex.it\/es\/wp-json\/wp\/v2\/media?parent=7980"}],"wp:term":[{"taxonomy":"product_cat","embeddable":true,"href":"https:\/\/www.seedex.it\/es\/wp-json\/wp\/v2\/product_cat?post=7980"},{"taxonomy":"product_tag","embeddable":true,"href":"https:\/\/www.seedex.it\/es\/wp-json\/wp\/v2\/product_tag?post=7980"}],"curies":[{"name":"wp","href":"https:\/\/api.w.org\/{rel}","templated":true}]}}