{"id":7679,"date":"2025-06-26T10:47:18","date_gmt":"2025-06-26T10:47:18","guid":{"rendered":"https:\/\/www.seedex.it\/prodotto\/rivestimenti-per-mulini-in-allumina-e-silex\/"},"modified":"2025-09-08T07:43:27","modified_gmt":"2025-09-08T07:43:27","slug":"ladrillos-de-revestimiento-de-alumina-y-silex","status":"publish","type":"product","link":"https:\/\/www.seedex.it\/es\/prodotto\/ladrillos-de-revestimiento-de-alumina-y-silex\/","title":{"rendered":"Ladrillos de revestimiento de al\u00famina y s\u00edlex"},"content":{"rendered":"","protected":false},"excerpt":{"rendered":"<p>Revestimientos para molinos de al\u00famina y s\u00edlex.<\/p>\n","protected":false},"featured_media":7680,"template":"","meta":{"_acf_changed":false,"_vp_format_video_url":"","_vp_image_focal_point":[]},"product_cat":[476,435],"product_tag":[],"class_list":{"0":"post-7679","1":"product","2":"type-product","3":"status-publish","4":"has-post-thumbnail","6":"product_cat-featured-es","7":"product_cat-preparacion-de-la-masa","9":"first","10":"instock","11":"product-type-simple"},"acf":[],"_links":{"self":[{"href":"https:\/\/www.seedex.it\/es\/wp-json\/wp\/v2\/product\/7679"}],"collection":[{"href":"https:\/\/www.seedex.it\/es\/wp-json\/wp\/v2\/product"}],"about":[{"href":"https:\/\/www.seedex.it\/es\/wp-json\/wp\/v2\/types\/product"}],"wp:featuredmedia":[{"embeddable":true,"href":"https:\/\/www.seedex.it\/es\/wp-json\/wp\/v2\/media\/7680"}],"wp:attachment":[{"href":"https:\/\/www.seedex.it\/es\/wp-json\/wp\/v2\/media?parent=7679"}],"wp:term":[{"taxonomy":"product_cat","embeddable":true,"href":"https:\/\/www.seedex.it\/es\/wp-json\/wp\/v2\/product_cat?post=7679"},{"taxonomy":"product_tag","embeddable":true,"href":"https:\/\/www.seedex.it\/es\/wp-json\/wp\/v2\/product_tag?post=7679"}],"curies":[{"name":"wp","href":"https:\/\/api.w.org\/{rel}","templated":true}]}}