{"id":7664,"date":"2024-09-13T09:05:32","date_gmt":"2024-09-13T09:05:32","guid":{"rendered":"https:\/\/www.seedex.it\/prodotto\/materiali-di-macinazione-in-allumina-silice-e-zirconio\/"},"modified":"2025-09-08T07:35:04","modified_gmt":"2025-09-08T07:35:04","slug":"medios-de-molienda-de-alumina-silex-y-circonio","status":"publish","type":"product","link":"https:\/\/www.seedex.it\/es\/prodotto\/medios-de-molienda-de-alumina-silex-y-circonio\/","title":{"rendered":"Medios de molienda de al\u00famina, s\u00edlex y circonio"},"content":{"rendered":"","protected":false},"excerpt":{"rendered":"<p>Las bolas de al\u00famina est\u00e1n disponibles en diferentes tipos y di\u00e1metros para la molienda en molinos continuos, discontinuos y de microesferas.<\/p>\n<p>Las bolas de circonio son microesferas especiales adecuadas para la molienda ultrafina de colores para m\u00e1quinas digitales INKJET.<\/p>\n","protected":false},"featured_media":7666,"template":"","meta":{"_acf_changed":false,"_vp_format_video_url":"","_vp_image_focal_point":[]},"product_cat":[476,435],"product_tag":[],"class_list":{"0":"post-7664","1":"product","2":"type-product","3":"status-publish","4":"has-post-thumbnail","6":"product_cat-featured-es","7":"product_cat-preparacion-de-la-masa","9":"first","10":"instock","11":"product-type-simple"},"acf":[],"_links":{"self":[{"href":"https:\/\/www.seedex.it\/es\/wp-json\/wp\/v2\/product\/7664"}],"collection":[{"href":"https:\/\/www.seedex.it\/es\/wp-json\/wp\/v2\/product"}],"about":[{"href":"https:\/\/www.seedex.it\/es\/wp-json\/wp\/v2\/types\/product"}],"wp:featuredmedia":[{"embeddable":true,"href":"https:\/\/www.seedex.it\/es\/wp-json\/wp\/v2\/media\/7666"}],"wp:attachment":[{"href":"https:\/\/www.seedex.it\/es\/wp-json\/wp\/v2\/media?parent=7664"}],"wp:term":[{"taxonomy":"product_cat","embeddable":true,"href":"https:\/\/www.seedex.it\/es\/wp-json\/wp\/v2\/product_cat?post=7664"},{"taxonomy":"product_tag","embeddable":true,"href":"https:\/\/www.seedex.it\/es\/wp-json\/wp\/v2\/product_tag?post=7664"}],"curies":[{"name":"wp","href":"https:\/\/api.w.org\/{rel}","templated":true}]}}