{"id":7622,"date":"2024-09-13T09:03:35","date_gmt":"2024-09-13T09:03:35","guid":{"rendered":"https:\/\/www.seedex.it\/prodotto\/deferizzatori\/"},"modified":"2025-09-08T07:20:15","modified_gmt":"2025-09-08T07:20:15","slug":"eliminadores-de-hierro","status":"publish","type":"product","link":"https:\/\/www.seedex.it\/es\/prodotto\/eliminadores-de-hierro\/","title":{"rendered":"Eliminadores de hierro"},"content":{"rendered":"","protected":false},"excerpt":{"rendered":"<p><span style=\"font-weight: 400;\">Eliminador de hierro para barbotina con limpieza autom\u00e1tica, adecuado para la desferrizaci\u00f3n de l\u00edquidos densos como barbotinas cer\u00e1micas y aguas residuales.<\/span><\/p>\n","protected":false},"featured_media":7624,"template":"","meta":{"_acf_changed":false,"_vp_format_video_url":"","_vp_image_focal_point":[]},"product_cat":[435],"product_tag":[],"class_list":{"0":"post-7622","1":"product","2":"type-product","3":"status-publish","4":"has-post-thumbnail","6":"product_cat-preparacion-de-la-masa","8":"first","9":"instock","10":"product-type-simple"},"acf":[],"_links":{"self":[{"href":"https:\/\/www.seedex.it\/es\/wp-json\/wp\/v2\/product\/7622"}],"collection":[{"href":"https:\/\/www.seedex.it\/es\/wp-json\/wp\/v2\/product"}],"about":[{"href":"https:\/\/www.seedex.it\/es\/wp-json\/wp\/v2\/types\/product"}],"wp:featuredmedia":[{"embeddable":true,"href":"https:\/\/www.seedex.it\/es\/wp-json\/wp\/v2\/media\/7624"}],"wp:attachment":[{"href":"https:\/\/www.seedex.it\/es\/wp-json\/wp\/v2\/media?parent=7622"}],"wp:term":[{"taxonomy":"product_cat","embeddable":true,"href":"https:\/\/www.seedex.it\/es\/wp-json\/wp\/v2\/product_cat?post=7622"},{"taxonomy":"product_tag","embeddable":true,"href":"https:\/\/www.seedex.it\/es\/wp-json\/wp\/v2\/product_tag?post=7622"}],"curies":[{"name":"wp","href":"https:\/\/api.w.org\/{rel}","templated":true}]}}