{"id":7567,"date":"2024-09-13T09:03:34","date_gmt":"2024-09-13T09:03:34","guid":{"rendered":"https:\/\/www.seedex.it\/prodotto\/pompe-a-pistoni\/"},"modified":"2025-09-08T07:06:55","modified_gmt":"2025-09-08T07:06:55","slug":"bombas-de-pistones","status":"publish","type":"product","link":"https:\/\/www.seedex.it\/es\/prodotto\/bombas-de-pistones\/","title":{"rendered":"Bombas de pistones"},"content":{"rendered":"","protected":false},"excerpt":{"rendered":"<p><span style=\"font-weight: 400;\">Soluciones dise\u00f1adas para la alimentaci\u00f3n de atomizadores y para el transporte de barbotinas cer\u00e1micas y l\u00edquidos densos.<\/span><\/p>\n","protected":false},"featured_media":7569,"template":"","meta":{"_acf_changed":false,"_vp_format_video_url":"","_vp_image_focal_point":[]},"product_cat":[435,434],"product_tag":[],"class_list":{"0":"post-7567","1":"product","2":"type-product","3":"status-publish","4":"has-post-thumbnail","6":"product_cat-preparacion-de-la-masa","7":"product_cat-preparazione-impasti-es","9":"first","10":"instock","11":"product-type-simple"},"acf":[],"_links":{"self":[{"href":"https:\/\/www.seedex.it\/es\/wp-json\/wp\/v2\/product\/7567"}],"collection":[{"href":"https:\/\/www.seedex.it\/es\/wp-json\/wp\/v2\/product"}],"about":[{"href":"https:\/\/www.seedex.it\/es\/wp-json\/wp\/v2\/types\/product"}],"wp:featuredmedia":[{"embeddable":true,"href":"https:\/\/www.seedex.it\/es\/wp-json\/wp\/v2\/media\/7569"}],"wp:attachment":[{"href":"https:\/\/www.seedex.it\/es\/wp-json\/wp\/v2\/media?parent=7567"}],"wp:term":[{"taxonomy":"product_cat","embeddable":true,"href":"https:\/\/www.seedex.it\/es\/wp-json\/wp\/v2\/product_cat?post=7567"},{"taxonomy":"product_tag","embeddable":true,"href":"https:\/\/www.seedex.it\/es\/wp-json\/wp\/v2\/product_tag?post=7567"}],"curies":[{"name":"wp","href":"https:\/\/api.w.org\/{rel}","templated":true}]}}