{"id":7292,"date":"2024-09-13T09:04:13","date_gmt":"2024-09-13T09:04:13","guid":{"rendered":"https:\/\/www.seedex.it\/prodotto\/rollsave\/"},"modified":"2025-09-05T07:49:30","modified_gmt":"2025-09-05T07:49:30","slug":"rollsave","status":"publish","type":"product","link":"https:\/\/www.seedex.it\/es\/prodotto\/rollsave\/","title":{"rendered":"RollSave"},"content":{"rendered":"","protected":false},"excerpt":{"rendered":"<p><span style=\"font-weight: 400;\">La soluci\u00f3n m\u00e1s avanzada para la aplicaci\u00f3n del engobe en el dorso de la baldosa.\u00a0<\/span><\/p>\n<p><span style=\"font-weight: 400;\">La m\u00e1quina de engobe RollSave es una soluci\u00f3n utilizada para engobar el dorso de la baldosa. La herramienta de engobe est\u00e1 equipada con un rodillo de silicona grabado con l\u00e1ser que permite aplicar el engobe de manera uniforme y homog\u00e9nea en cualquier tipo de baldosa, incluso en presencia de superficies que no son perfectamente planas, evitando as\u00ed ensuciar los rodillos del horno y previniendo posibles paradas en la producci\u00f3n.<\/span><\/p>\n","protected":false},"featured_media":7294,"template":"","meta":{"_acf_changed":false,"_vp_format_video_url":"","_vp_image_focal_point":[]},"product_cat":[780],"product_tag":[],"class_list":{"0":"post-7292","1":"product","2":"type-product","3":"status-publish","4":"has-post-thumbnail","6":"product_cat-linea-de-esmaltado","8":"first","9":"instock","10":"product-type-simple"},"acf":[],"_links":{"self":[{"href":"https:\/\/www.seedex.it\/es\/wp-json\/wp\/v2\/product\/7292"}],"collection":[{"href":"https:\/\/www.seedex.it\/es\/wp-json\/wp\/v2\/product"}],"about":[{"href":"https:\/\/www.seedex.it\/es\/wp-json\/wp\/v2\/types\/product"}],"wp:featuredmedia":[{"embeddable":true,"href":"https:\/\/www.seedex.it\/es\/wp-json\/wp\/v2\/media\/7294"}],"wp:attachment":[{"href":"https:\/\/www.seedex.it\/es\/wp-json\/wp\/v2\/media?parent=7292"}],"wp:term":[{"taxonomy":"product_cat","embeddable":true,"href":"https:\/\/www.seedex.it\/es\/wp-json\/wp\/v2\/product_cat?post=7292"},{"taxonomy":"product_tag","embeddable":true,"href":"https:\/\/www.seedex.it\/es\/wp-json\/wp\/v2\/product_tag?post=7292"}],"curies":[{"name":"wp","href":"https:\/\/api.w.org\/{rel}","templated":true}]}}