{"id":7279,"date":"2024-09-13T09:03:55","date_gmt":"2024-09-13T09:03:55","guid":{"rendered":"https:\/\/www.seedex.it\/prodotto\/engobbiatore-a-rullo\/"},"modified":"2025-09-05T10:19:39","modified_gmt":"2025-09-05T10:19:39","slug":"engobadora-de-rodillos","status":"publish","type":"product","link":"https:\/\/www.seedex.it\/es\/prodotto\/engobadora-de-rodillos\/","title":{"rendered":"Engobadora de rodillos"},"content":{"rendered":"","protected":false},"excerpt":{"rendered":"<p><span style=\"font-weight: 400;\">M\u00e1quina de rodillos para la impresi\u00f3n en la parte inferior de la baldosa. Garantiza una perfecta aplicaci\u00f3n del producto y permite controlar la cantidad de engobe aplicado.<\/span><\/p>\n<p><span style=\"font-weight: 400;\">Descubre la novedad: <a href=\"https:\/\/www.seedex.it\/es\/prodotto\/rollsave\/\" target=\"_blank\" rel=\"noopener\">Rollsave<\/a><\/span><\/p>\n","protected":false},"featured_media":7281,"template":"","meta":{"_acf_changed":false,"_vp_format_video_url":"","_vp_image_focal_point":[]},"product_cat":[780],"product_tag":[],"class_list":{"0":"post-7279","1":"product","2":"type-product","3":"status-publish","4":"has-post-thumbnail","6":"product_cat-linea-de-esmaltado","8":"first","9":"instock","10":"product-type-simple"},"acf":[],"_links":{"self":[{"href":"https:\/\/www.seedex.it\/es\/wp-json\/wp\/v2\/product\/7279"}],"collection":[{"href":"https:\/\/www.seedex.it\/es\/wp-json\/wp\/v2\/product"}],"about":[{"href":"https:\/\/www.seedex.it\/es\/wp-json\/wp\/v2\/types\/product"}],"wp:featuredmedia":[{"embeddable":true,"href":"https:\/\/www.seedex.it\/es\/wp-json\/wp\/v2\/media\/7281"}],"wp:attachment":[{"href":"https:\/\/www.seedex.it\/es\/wp-json\/wp\/v2\/media?parent=7279"}],"wp:term":[{"taxonomy":"product_cat","embeddable":true,"href":"https:\/\/www.seedex.it\/es\/wp-json\/wp\/v2\/product_cat?post=7279"},{"taxonomy":"product_tag","embeddable":true,"href":"https:\/\/www.seedex.it\/es\/wp-json\/wp\/v2\/product_tag?post=7279"}],"curies":[{"name":"wp","href":"https:\/\/api.w.org\/{rel}","templated":true}]}}