{"id":7245,"date":"2024-09-13T09:03:55","date_gmt":"2024-09-13T09:03:55","guid":{"rendered":"https:\/\/www.seedex.it\/prodotto\/lames-pour-machines-dimpression-silicones\/"},"modified":"2025-09-05T07:34:03","modified_gmt":"2025-09-05T07:34:03","slug":"cuchillas-para-maquinas-de-impresion-de-silicona","status":"publish","type":"product","link":"https:\/\/www.seedex.it\/es\/prodotto\/cuchillas-para-maquinas-de-impresion-de-silicona\/","title":{"rendered":"Cuchillas para m\u00e1quinas de impresi\u00f3n de silicona"},"content":{"rendered":"","protected":false},"excerpt":{"rendered":"<p><span style=\"font-weight: 400;\">Cuchillas de acero para m\u00e1quinas de impresi\u00f3n basadas en tecnolog\u00edas de silicona<\/span><\/p>\n","protected":false},"featured_media":7247,"template":"","meta":{"_acf_changed":false,"_vp_format_video_url":"","_vp_image_focal_point":[]},"product_cat":[780],"product_tag":[],"class_list":{"0":"post-7245","1":"product","2":"type-product","3":"status-publish","4":"has-post-thumbnail","6":"product_cat-linea-de-esmaltado","8":"first","9":"instock","10":"product-type-simple"},"acf":[],"_links":{"self":[{"href":"https:\/\/www.seedex.it\/es\/wp-json\/wp\/v2\/product\/7245"}],"collection":[{"href":"https:\/\/www.seedex.it\/es\/wp-json\/wp\/v2\/product"}],"about":[{"href":"https:\/\/www.seedex.it\/es\/wp-json\/wp\/v2\/types\/product"}],"wp:featuredmedia":[{"embeddable":true,"href":"https:\/\/www.seedex.it\/es\/wp-json\/wp\/v2\/media\/7247"}],"wp:attachment":[{"href":"https:\/\/www.seedex.it\/es\/wp-json\/wp\/v2\/media?parent=7245"}],"wp:term":[{"taxonomy":"product_cat","embeddable":true,"href":"https:\/\/www.seedex.it\/es\/wp-json\/wp\/v2\/product_cat?post=7245"},{"taxonomy":"product_tag","embeddable":true,"href":"https:\/\/www.seedex.it\/es\/wp-json\/wp\/v2\/product_tag?post=7245"}],"curies":[{"name":"wp","href":"https:\/\/api.w.org\/{rel}","templated":true}]}}