{"id":7183,"date":"2024-09-13T09:03:35","date_gmt":"2024-09-13T09:03:35","guid":{"rendered":"https:\/\/www.seedex.it\/prodotto\/accessori-fm\/"},"modified":"2025-09-05T07:10:37","modified_gmt":"2025-09-05T07:10:37","slug":"accesorios-fm","status":"publish","type":"product","link":"https:\/\/www.seedex.it\/es\/prodotto\/accesorios-fm\/","title":{"rendered":"Accesorios FM"},"content":{"rendered":"","protected":false},"excerpt":{"rendered":"<p><span style=\"font-weight: 400;\">Los mejores art\u00edculos FM para completar la l\u00ednea de esmaltado: paquetes de discos, protecciones, perfiles, poleas, soportes, gu\u00edas de rodillos y ventiladores Green Blow.<\/span><\/p>\n","protected":false},"featured_media":7185,"template":"","meta":{"_acf_changed":false,"_vp_format_video_url":"","_vp_image_focal_point":[]},"product_cat":[780],"product_tag":[],"class_list":{"0":"post-7183","1":"product","2":"type-product","3":"status-publish","4":"has-post-thumbnail","6":"product_cat-linea-de-esmaltado","8":"first","9":"instock","10":"product-type-simple"},"acf":[],"_links":{"self":[{"href":"https:\/\/www.seedex.it\/es\/wp-json\/wp\/v2\/product\/7183"}],"collection":[{"href":"https:\/\/www.seedex.it\/es\/wp-json\/wp\/v2\/product"}],"about":[{"href":"https:\/\/www.seedex.it\/es\/wp-json\/wp\/v2\/types\/product"}],"wp:featuredmedia":[{"embeddable":true,"href":"https:\/\/www.seedex.it\/es\/wp-json\/wp\/v2\/media\/7185"}],"wp:attachment":[{"href":"https:\/\/www.seedex.it\/es\/wp-json\/wp\/v2\/media?parent=7183"}],"wp:term":[{"taxonomy":"product_cat","embeddable":true,"href":"https:\/\/www.seedex.it\/es\/wp-json\/wp\/v2\/product_cat?post=7183"},{"taxonomy":"product_tag","embeddable":true,"href":"https:\/\/www.seedex.it\/es\/wp-json\/wp\/v2\/product_tag?post=7183"}],"curies":[{"name":"wp","href":"https:\/\/api.w.org\/{rel}","templated":true}]}}