{"id":7095,"date":"2024-09-13T09:05:50","date_gmt":"2024-09-13T09:05:50","guid":{"rendered":"https:\/\/www.seedex.it\/prodotto\/bidone-aspira-acqua-cfm-124-50\/"},"modified":"2025-09-04T15:34:04","modified_gmt":"2025-09-04T15:34:04","slug":"aspiradora-de-agua-y-polvo-cfm-124-50","status":"publish","type":"product","link":"https:\/\/www.seedex.it\/es\/prodotto\/aspiradora-de-agua-y-polvo-cfm-124-50\/","title":{"rendered":"ASPIRADORA DE AGUA Y POLVO CFM 124\/50"},"content":{"rendered":"","protected":false},"excerpt":{"rendered":"<p><span style=\"font-weight: 400;\">Esta aspiradora profesional Wet&amp;Dry tiene <\/span><b>2.700 vatios de potencia<\/b><span style=\"font-weight: 400;\"> y un <\/span><b>dep\u00f3sito de 50 litros<\/b><span style=\"font-weight: 400;\">. Est\u00e1 dise\u00f1ada para el artesano que necesita potencia y flexibilidad y viene con un gran n\u00famero de accesorios.<\/span><\/p>\n<p><span style=\"font-weight: 400;\">Gracias a su <\/span><b>mecanismo de volteo incorporado<\/b><span style=\"font-weight: 400;\">, las operaciones de vaciado son posibles incluso cuando el dep\u00f3sito est\u00e1 lleno. En la parte posterior de la aspiradora hay un dispositivo de eliminaci\u00f3n de l\u00edquidos.<\/span><\/p>\n<p><b>DATOS T\u00c9CNICOS:<\/b><\/p>\n<ul>\n<li style=\"font-weight: 400;\" aria-level=\"1\"><b>Depresi\u00f3n:<\/b><span style=\"font-weight: 400;\"> 2.200\u00a0daPa<\/span><\/li>\n<li style=\"font-weight: 400;\" aria-level=\"1\"><b>Flujo de aire:<\/b><span style=\"font-weight: 400;\"> 3.600\u00a0l\/min<\/span><\/li>\n<li style=\"font-weight: 400;\" aria-level=\"1\"><b>\u00c1rea del filtro principal:<\/b><span style=\"font-weight: 400;\"> 2.260\u00a0cm\u00b2<\/span><\/li>\n<li style=\"font-weight: 400;\" aria-level=\"1\"><b>Nivel sonoro:<\/b><span style=\"font-weight: 400;\"> 69\u00a0dB(A)<\/span><\/li>\n<li style=\"font-weight: 400;\" aria-level=\"1\"><b>Capacidad de la bolsa\/dep\u00f3sito:<\/b><span style=\"font-weight: 400;\"> 50\u00a0L<\/span><\/li>\n<li style=\"font-weight: 400;\" aria-level=\"1\"><b>Peso:<\/b><span style=\"font-weight: 400;\"> 21,5\u00a0kg<\/span><\/li>\n<li style=\"font-weight: 400;\" aria-level=\"1\"><b>Alimentaci\u00f3n:<\/b><span style=\"font-weight: 400;\"> 220\u00a0V, 2,7\u00a0Kw<\/span><\/li>\n<\/ul>\n<p><b>Dimensiones:<\/b><span style=\"font-weight: 400;\"> AxPxL 87x60x64\u00a0cm<\/span><\/p>\n<table cellspacing=\"0\" cellpadding=\"7\">\n<thead>\n<tr>\n<td width=\"146\">\n<p align=\"CENTER\">CODE<\/p>\n<\/td>\n<td width=\"260\">\n<p align=\"CENTER\">NAME<\/p>\n<\/td>\n<td width=\"231\">\n<p align=\"CENTER\">MODEL<\/p>\n<\/td>\n<\/tr>\n<\/thead>\n<colgroup>\n<col width=\"146\" \/>\n<col width=\"260\" \/>\n<col width=\"231\" \/><\/colgroup>\n<tbody>\n<tr valign=\"TOP\">\n<td width=\"146\">\n<p align=\"CENTER\">AQSBA12450<\/p>\n<\/td>\n<td width=\"260\">\n<p align=\"CENTER\">WATER VACUUM EXTRACTOR<\/p>\n<\/td>\n<td width=\"231\">\n<p align=\"CENTER\">CFM 124\/50<\/p>\n<\/td>\n<\/tr>\n<\/tbody>\n<\/table>\n<p>&nbsp;<\/p>\n","protected":false},"featured_media":7097,"template":"","meta":{"_acf_changed":false,"_vp_format_video_url":"","_vp_image_focal_point":[]},"product_cat":[776,744,753],"product_tag":[],"class_list":{"0":"post-7095","1":"product","2":"type-product","3":"status-publish","4":"has-post-thumbnail","6":"product_cat-bidone-aspira-acqua-es","7":"product_cat-laboratorio-serigrafico-piano","8":"product_cat-strumenti-es","10":"first","11":"instock","12":"shipping-taxable","13":"product-type-simple"},"acf":[],"_links":{"self":[{"href":"https:\/\/www.seedex.it\/es\/wp-json\/wp\/v2\/product\/7095"}],"collection":[{"href":"https:\/\/www.seedex.it\/es\/wp-json\/wp\/v2\/product"}],"about":[{"href":"https:\/\/www.seedex.it\/es\/wp-json\/wp\/v2\/types\/product"}],"wp:featuredmedia":[{"embeddable":true,"href":"https:\/\/www.seedex.it\/es\/wp-json\/wp\/v2\/media\/7097"}],"wp:attachment":[{"href":"https:\/\/www.seedex.it\/es\/wp-json\/wp\/v2\/media?parent=7095"}],"wp:term":[{"taxonomy":"product_cat","embeddable":true,"href":"https:\/\/www.seedex.it\/es\/wp-json\/wp\/v2\/product_cat?post=7095"},{"taxonomy":"product_tag","embeddable":true,"href":"https:\/\/www.seedex.it\/es\/wp-json\/wp\/v2\/product_tag?post=7095"}],"curies":[{"name":"wp","href":"https:\/\/api.w.org\/{rel}","templated":true}]}}