{"id":7069,"date":"2024-09-13T09:05:50","date_gmt":"2024-09-13T09:05:50","guid":{"rendered":"https:\/\/www.seedex.it\/prodotto\/sviluppatrice-automatica-s-va-e-s-vad\/"},"modified":"2025-09-04T15:13:43","modified_gmt":"2025-09-04T15:13:43","slug":"desarrolladora-automatica-s-va-y-s-vad","status":"publish","type":"product","link":"https:\/\/www.seedex.it\/es\/prodotto\/desarrolladora-automatica-s-va-y-s-vad\/","title":{"rendered":"DESARROLLADORA AUTOM\u00c1TICA S-VA y S-VAD"},"content":{"rendered":"","protected":false},"excerpt":{"rendered":"<p><span style=\"font-weight: 400;\">Esta soluci\u00f3n fue desarrollada para el procesamiento y lavado autom\u00e1ticos de todo tipo de pantallas planas despu\u00e9s de la fase de exposici\u00f3n. Permite una <\/span><b>apertura perfecta de la pantalla<\/b><span style=\"font-weight: 400;\">, lo que garantiza una constancia y una calidad muy altas del marco acabado.<\/span><\/p>\n<p><b>CARACTER\u00cdSTICAS T\u00c9CNICAS<\/b><\/p>\n<ul>\n<li style=\"font-weight: 400;\" aria-level=\"1\"><span style=\"font-weight: 400;\">Fabricada completamente en <\/span><b>acero inoxidable<\/b><span style=\"font-weight: 400;\">.<\/span><\/li>\n<li style=\"font-weight: 400;\" aria-level=\"1\"><span style=\"font-weight: 400;\">Equipada con un <\/span><b>dispositivo de reciclaje con filtros<\/b><span style=\"font-weight: 400;\"> que reduce el consumo de agua y permite reutilizar el agua reciclada.<\/span><\/li>\n<li style=\"font-weight: 400;\" aria-level=\"1\"><span style=\"font-weight: 400;\">Un cuadro el\u00e9ctrico permite configurar todos los programas para el revelado autom\u00e1tico y los ciclos de lavado.<\/span><\/li>\n<\/ul>\n<p><b>MODELOS DISPONIBLES<\/b><\/p>\n<ul>\n<li style=\"font-weight: 400;\" aria-level=\"1\"><b>Modelo est\u00e1ndar S-VA<\/b><\/li>\n<li style=\"font-weight: 400;\" aria-level=\"1\"><b>Modelo S-VAD<\/b><span style=\"font-weight: 400;\"> con puertas de bloqueo<\/span><\/li>\n<\/ul>\n<table cellspacing=\"0\" cellpadding=\"7\">\n<thead>\n<tr>\n<td width=\"98\" height=\"24\">\n<p align=\"CENTER\">CODE<\/p>\n<\/td>\n<td width=\"203\">\n<p align=\"CENTER\">NAME<\/p>\n<\/td>\n<td width=\"90\">\n<p align=\"CENTER\">MODEL<\/p>\n<\/td>\n<td width=\"80\">\n<p align=\"CENTER\">USEFUL SIZE CM.<\/p>\n<\/td>\n<td width=\"118\">\n<p align=\"CENTER\">OVERALL DIMENSIONS CM.<\/p>\n<\/td>\n<\/tr>\n<\/thead>\n<colgroup>\n<col width=\"98\" \/>\n<col width=\"203\" \/>\n<col width=\"90\" \/>\n<col width=\"80\" \/>\n<col width=\"118\" \/><\/colgroup>\n<tbody>\n<tr valign=\"TOP\">\n<td width=\"98\" height=\"5\">\n<p align=\"CENTER\">AQSSVA1216<\/p>\n<\/td>\n<td width=\"203\">\n<p align=\"CENTER\">AUTOMATIC DEVELOPING MACHINE<\/p>\n<\/td>\n<td width=\"90\">\n<p align=\"CENTER\">S-VA 1216<\/p>\n<\/td>\n<td width=\"80\">\n<p align=\"CENTER\">120X160<\/p>\n<\/td>\n<td width=\"118\">\n<p align=\"CENTER\">160X70X250 H.<\/p>\n<\/td>\n<\/tr>\n<tr valign=\"TOP\">\n<td width=\"98\" height=\"4\">\n<p align=\"CENTER\">AQSVAD1216<\/p>\n<\/td>\n<td width=\"203\">\n<p align=\"CENTER\">AUTOMATIC DEVELOPING MACHINE<\/p>\n<\/td>\n<td width=\"90\">\n<p align=\"CENTER\">S-VAD 1216<\/p>\n<\/td>\n<td width=\"80\">\n<p align=\"CENTER\">120X160<\/p>\n<\/td>\n<td width=\"118\">\n<p align=\"CENTER\">160X70X250 H.<\/p>\n<\/td>\n<\/tr>\n<\/tbody>\n<\/table>\n<p>&nbsp;<\/p>\n<p>&nbsp;<\/p>\n","protected":false},"featured_media":7071,"template":"","meta":{"_acf_changed":false,"_vp_format_video_url":"","_vp_image_focal_point":[]},"product_cat":[744,753,770],"product_tag":[],"class_list":{"0":"post-7069","1":"product","2":"type-product","3":"status-publish","4":"has-post-thumbnail","6":"product_cat-laboratorio-serigrafico-piano","7":"product_cat-strumenti-es","8":"product_cat-sviluppatrice-automatica-s-va-es","10":"first","11":"instock","12":"shipping-taxable","13":"product-type-simple"},"acf":[],"_links":{"self":[{"href":"https:\/\/www.seedex.it\/es\/wp-json\/wp\/v2\/product\/7069"}],"collection":[{"href":"https:\/\/www.seedex.it\/es\/wp-json\/wp\/v2\/product"}],"about":[{"href":"https:\/\/www.seedex.it\/es\/wp-json\/wp\/v2\/types\/product"}],"wp:featuredmedia":[{"embeddable":true,"href":"https:\/\/www.seedex.it\/es\/wp-json\/wp\/v2\/media\/7071"}],"wp:attachment":[{"href":"https:\/\/www.seedex.it\/es\/wp-json\/wp\/v2\/media?parent=7069"}],"wp:term":[{"taxonomy":"product_cat","embeddable":true,"href":"https:\/\/www.seedex.it\/es\/wp-json\/wp\/v2\/product_cat?post=7069"},{"taxonomy":"product_tag","embeddable":true,"href":"https:\/\/www.seedex.it\/es\/wp-json\/wp\/v2\/product_tag?post=7069"}],"curies":[{"name":"wp","href":"https:\/\/api.w.org\/{rel}","templated":true}]}}