{"id":7051,"date":"2024-09-13T09:05:50","date_gmt":"2024-09-13T09:05:50","guid":{"rendered":"https:\/\/www.seedex.it\/prodotto\/impianto-alogeno-al\/"},"modified":"2025-09-04T14:48:48","modified_gmt":"2025-09-04T14:48:48","slug":"sistema-de-exposicion-halogeno-al","status":"publish","type":"product","link":"https:\/\/www.seedex.it\/es\/prodotto\/sistema-de-exposicion-halogeno-al\/","title":{"rendered":"SISTEMA DE EXPOSICI\u00d3N HAL\u00d3GENO AL"},"content":{"rendered":"","protected":false},"excerpt":{"rendered":"<p><b>FICHA T\u00c9CNICA<\/b><\/p>\n<p><span style=\"font-weight: 400;\">Este es un conjunto hal\u00f3geno aut\u00f3nomo para la exposici\u00f3n de pantallas, dise\u00f1ado para ser utilizado en combinaci\u00f3n con una prensa neum\u00e1tica espec\u00edfica.<\/span><\/p>\n<p><b>DESCRIPCI\u00d3N Y CARACTER\u00cdSTICAS T\u00c9CNICAS:<\/b><\/p>\n<ul>\n<li style=\"font-weight: 400;\" aria-level=\"1\"><span style=\"font-weight: 400;\">El conjunto hal\u00f3geno est\u00e1 disponible en dos versiones: <\/span><b>2000\/5000 W<\/b><span style=\"font-weight: 400;\"> o <\/span><b>3500\/7000 W<\/b><span style=\"font-weight: 400;\">.<\/span><\/li>\n<li style=\"font-weight: 400;\" aria-level=\"1\"><span style=\"font-weight: 400;\">La sustituci\u00f3n de la bombilla hal\u00f3gena, cuando es necesaria, es muy sencilla. Durante la producci\u00f3n normal, la l\u00e1mpara permanece siempre encendida a la m\u00e1xima potencia, dependiendo del modelo.<\/span><\/li>\n<li style=\"font-weight: 400;\" aria-level=\"1\"><span style=\"font-weight: 400;\">La l\u00e1mpara hal\u00f3gena est\u00e1 equipada con un <\/span><b>reflector parab\u00f3lico<\/b><span style=\"font-weight: 400;\"> para una distribuci\u00f3n uniforme de la luz.<\/span><\/li>\n<li style=\"font-weight: 400;\" aria-level=\"1\"><span style=\"font-weight: 400;\">Un temporizador permite programar y memorizar los tiempos de exposici\u00f3n.<\/span><\/li>\n<li style=\"font-weight: 400;\" aria-level=\"1\"><b>Potencia:<\/b><span style=\"font-weight: 400;\"> 400\u00a0V\u201350\u00a0Hz (3 fases + tierra) \u2013 10.000\u00a0W, con posible variaci\u00f3n bajo pedido.<\/span><\/li>\n<\/ul>\n<p><b>ACCESORIOS Y REPUESTOS RECOMENDADOS:<\/b><\/p>\n<ul>\n<li style=\"font-weight: 400;\" aria-level=\"1\"><span style=\"font-weight: 400;\">Carrito portal\u00e1mparas.<\/span><\/li>\n<li style=\"font-weight: 400;\" aria-level=\"1\"><span style=\"font-weight: 400;\">Soporte de l\u00e1mpara con mesa de apoyo para el generador.<\/span><\/li>\n<li style=\"font-weight: 400;\" aria-level=\"1\"><span style=\"font-weight: 400;\">Integrador de luz para compensar el agotamiento gradual de la bombilla hal\u00f3gena con el tiempo.<\/span><\/li>\n<li style=\"font-weight: 400;\" aria-level=\"1\"><span style=\"font-weight: 400;\">Bombilla hal\u00f3gena (5000\u00a0W o 7000\u00a0W) seg\u00fan el modelo.<\/span><\/li>\n<\/ul>\n<table cellspacing=\"0\" cellpadding=\"7\">\n<thead>\n<tr>\n<td width=\"120\">\n<p align=\"CENTER\">CODE<\/p>\n<\/td>\n<td width=\"236\">\n<p align=\"CENTER\">NAME<\/p>\n<\/td>\n<td width=\"109\">\n<p align=\"CENTER\">MODEL<\/p>\n<\/td>\n<td width=\"137\">\n<p align=\"CENTER\">LAMP POWER W<\/p>\n<\/td>\n<\/tr>\n<\/thead>\n<colgroup>\n<col width=\"120\" \/>\n<col width=\"236\" \/>\n<col width=\"109\" \/>\n<col width=\"137\" \/><\/colgroup>\n<tbody>\n<tr valign=\"TOP\">\n<td width=\"120\">\n<p align=\"CENTER\">AQSIMPAL5<\/p>\n<\/td>\n<td width=\"236\">\n<p lang=\"en-US\" align=\"CENTER\">HALOGEN SET 5000 W CAREENED<\/p>\n<\/td>\n<td width=\"109\">\n<p align=\"CENTER\">AL-5<\/p>\n<\/td>\n<td width=\"137\">\n<p align=\"CENTER\">2000\/5000<\/p>\n<\/td>\n<\/tr>\n<tr valign=\"TOP\">\n<td width=\"120\">\n<p align=\"CENTER\">AQSIMPAL7<\/p>\n<\/td>\n<td width=\"236\">\n<p lang=\"en-US\" align=\"CENTER\">HALOGEN SET 7000 W CAREENED<\/p>\n<\/td>\n<td width=\"109\">\n<p align=\"CENTER\">AL-7<\/p>\n<\/td>\n<td width=\"137\">\n<p align=\"CENTER\">3500\/7000<\/p>\n<\/td>\n<\/tr>\n<tr valign=\"TOP\">\n<td width=\"120\">\n<p align=\"CENTER\">AQSRINTEGR<\/p>\n<\/td>\n<td width=\"236\">\n<p align=\"CENTER\">LIGHT INTEGRATOR WITH PHOTOCELL<\/p>\n<\/td>\n<td width=\"109\">\n<p align=\"CENTER\">\n<\/td>\n<td width=\"137\">\n<p align=\"CENTER\">\n<\/td>\n<\/tr>\n<tr valign=\"TOP\">\n<td width=\"120\">\n<p align=\"CENTER\">AQSCARIMPAL<\/p>\n<\/td>\n<td width=\"236\">\n<p align=\"CENTER\">LAMP HOLDER CARRIAGE<\/p>\n<\/td>\n<td width=\"109\">\n<p align=\"CENTER\">\n<\/td>\n<td width=\"137\">\n<p align=\"CENTER\">\n<\/td>\n<\/tr>\n<\/tbody>\n<\/table>\n<p>&nbsp;<\/p>\n<p>&nbsp;<\/p>\n","protected":false},"featured_media":7061,"template":"","meta":{"_acf_changed":false,"_vp_format_video_url":"","_vp_image_focal_point":[]},"product_cat":[768,744,753],"product_tag":[],"class_list":{"0":"post-7051","1":"product","2":"type-product","3":"status-publish","4":"has-post-thumbnail","6":"product_cat-impianti-alogeni-es","7":"product_cat-laboratorio-serigrafico-piano","8":"product_cat-strumenti-es","10":"first","11":"instock","12":"product-type-simple"},"acf":[],"_links":{"self":[{"href":"https:\/\/www.seedex.it\/es\/wp-json\/wp\/v2\/product\/7051"}],"collection":[{"href":"https:\/\/www.seedex.it\/es\/wp-json\/wp\/v2\/product"}],"about":[{"href":"https:\/\/www.seedex.it\/es\/wp-json\/wp\/v2\/types\/product"}],"wp:featuredmedia":[{"embeddable":true,"href":"https:\/\/www.seedex.it\/es\/wp-json\/wp\/v2\/media\/7061"}],"wp:attachment":[{"href":"https:\/\/www.seedex.it\/es\/wp-json\/wp\/v2\/media?parent=7051"}],"wp:term":[{"taxonomy":"product_cat","embeddable":true,"href":"https:\/\/www.seedex.it\/es\/wp-json\/wp\/v2\/product_cat?post=7051"},{"taxonomy":"product_tag","embeddable":true,"href":"https:\/\/www.seedex.it\/es\/wp-json\/wp\/v2\/product_tag?post=7051"}],"curies":[{"name":"wp","href":"https:\/\/api.w.org\/{rel}","templated":true}]}}