{"id":7042,"date":"2024-09-13T09:05:50","date_gmt":"2024-09-13T09:05:50","guid":{"rendered":"https:\/\/www.seedex.it\/prodotto\/fotoespositore-tc-e-tc-a\/"},"modified":"2025-09-05T09:52:29","modified_gmt":"2025-09-05T09:52:29","slug":"fotoexpositores-tc-y-tc-a","status":"publish","type":"product","link":"https:\/\/www.seedex.it\/es\/prodotto\/fotoexpositores-tc-y-tc-a\/","title":{"rendered":"Fotoexpositores TC y TC-A"},"content":{"rendered":"","protected":false},"excerpt":{"rendered":"<p><span style=\"font-weight: 400;\">El <\/span><b>fotoexpositor Seedex<\/b><span style=\"font-weight: 400;\"> es una m\u00e1quina de tres funciones para secar y exponer marcos serigr\u00e1ficos.<\/span><\/p>\n<p><b>DESCRIPCI\u00d3N Y CARACTER\u00cdSTICAS DE LA M\u00c1QUINA:<\/b><\/p>\n<ul>\n<li style=\"font-weight: 400;\" aria-level=\"1\"><b>Estructura de acero pintado.<\/b><\/li>\n<li style=\"font-weight: 400;\" aria-level=\"1\"><span style=\"font-weight: 400;\">La m\u00e1quina est\u00e1 equipada con un <\/span><b>secador de cajones<\/b><span style=\"font-weight: 400;\"> situado en la parte inferior, una <\/span><b>prensa neum\u00e1tica<\/b><span style=\"font-weight: 400;\"> en la parte central y una <\/span><b>l\u00e1mpara hal\u00f3gena<\/b><span style=\"font-weight: 400;\"> en la parte superior.<\/span><\/li>\n<li style=\"font-weight: 400;\" aria-level=\"1\"><span style=\"font-weight: 400;\">La prensa neum\u00e1tica est\u00e1 disponible en <\/span><b>2 versiones<\/b><span style=\"font-weight: 400;\">: apertura manual (modelo TC) y apertura autom\u00e1tica (modelo TC-A).<\/span><\/li>\n<li style=\"font-weight: 400;\" aria-level=\"1\"><span style=\"font-weight: 400;\">El <\/span><b>secador de 3 cajones<\/b><span style=\"font-weight: 400;\"> se desliza sobre rodamientos y se utiliza para secar la emulsi\u00f3n fotosensible antes de la exposici\u00f3n.<\/span><\/li>\n<li style=\"font-weight: 400;\" aria-level=\"1\"><span style=\"font-weight: 400;\">Viene completo con un <\/span><b>sistema de protecci\u00f3n contra los rayos UV<\/b><span style=\"font-weight: 400;\"> que consiste en una carcasa r\u00edgida con una lona frontal autoenrollable y paneles laterales deslizantes para inspecci\u00f3n.<\/span><\/li>\n<li style=\"font-weight: 400;\" aria-level=\"1\"><span style=\"font-weight: 400;\">El panel de control consiste en una <\/span><b>computadora digital de 29 canales<\/b><span style=\"font-weight: 400;\"> capaz de controlar y memorizar los tiempos de exposici\u00f3n, los tiempos de vac\u00edo y la temperatura del horno de secado, y de mostrar el n\u00famero de horas de funcionamiento de la bombilla para monitorizar su vida \u00fatil.<\/span><\/li>\n<li style=\"font-weight: 400;\" aria-level=\"1\"><span style=\"font-weight: 400;\">Dispone de <\/span><b>luz de compensaci\u00f3n de exposici\u00f3n con fotoc\u00e9lula<\/b><span style=\"font-weight: 400;\">.<\/span><\/li>\n<li style=\"font-weight: 400;\" aria-level=\"1\"><span style=\"font-weight: 400;\">En el panel de control se instala un <\/span><b>vacu\u00f3metro<\/b><span style=\"font-weight: 400;\"> que permite controlar la presi\u00f3n en la mesa de succi\u00f3n.<\/span><\/li>\n<li style=\"font-weight: 400;\" aria-level=\"1\"><span style=\"font-weight: 400;\">El sistema de enfriamiento incluye la <\/span><b>prevenci\u00f3n del sobrecalentamiento de los componentes el\u00e9ctricos<\/b><span style=\"font-weight: 400;\">.<\/span><\/li>\n<li style=\"font-weight: 400;\" aria-level=\"1\"><a href=\"https:\/\/www.seedex.it\/es\/prodotto\/sistema-de-exposicion-halogeno-al\/\" target=\"_blank\" rel=\"noopener\"><span style=\"font-weight: 400;\">La <\/span><b>l\u00e1mpara hal\u00f3gena de haluro met\u00e1lico<\/b><span style=\"font-weight: 400;\"> est\u00e1 disponible en 2 versiones: 2000\/5000\u00a0W o 3500\/7000\u00a0W.<\/span><\/a><\/li>\n<\/ul>\n<p><b>ALIMENTACI\u00d3N EL\u00c9CTRICA:<\/b><\/p>\n<ul>\n<li style=\"font-weight: 400;\" aria-level=\"1\"><span style=\"font-weight: 400;\">400\u00a0V \u2013 50\u00a0Hz (3 fases + tierra) \u2013 10.000\u00a0W, con posibles variaciones bajo pedido.<\/span><\/li>\n<\/ul>\n<p><b>REPUESTOS RECOMENDADOS:<\/b><\/p>\n<ul>\n<li style=\"font-weight: 400;\" aria-level=\"1\"><a href=\"https:\/\/www.seedex.it\/es\/prodotto\/sistema-de-exposicion-halogeno-al\/\" target=\"_blank\" rel=\"noopener\"><span style=\"font-weight: 400;\">Bombilla hal\u00f3gena (5000\u00a0W o 7000\u00a0W seg\u00fan los modelos).<\/span><\/a><\/li>\n<li style=\"font-weight: 400;\" aria-level=\"1\"><span style=\"font-weight: 400;\">Alfombrilla de goma con borde sellado dimensionada para la prensa neum\u00e1tica.<\/span><\/li>\n<\/ul>\n<table cellspacing=\"0\" cellpadding=\"7\">\n<thead>\n<tr>\n<td width=\"96\">\n<p lang=\"en-US\" align=\"CENTER\">CODE<\/p>\n<p lang=\"en-US\" align=\"CENTER\">NUMBER<\/p>\n<\/td>\n<td width=\"156\">\n<p lang=\"en-US\" align=\"CENTER\">PHOTOEXPOSER<\/p>\n<p lang=\"en-US\" align=\"CENTER\">TC<\/p>\n<p lang=\"en-US\" align=\"CENTER\">(MANUAL PNEUMATIC PRESS OPENING)<\/p>\n<\/td>\n<td width=\"99\">\n<p lang=\"en-US\" align=\"CENTER\">GLASS SIZE<\/p>\n<p align=\"CENTER\">CM.<\/p>\n<\/td>\n<td width=\"118\">\n<p lang=\"en-US\" align=\"CENTER\">USEFUL SIZE<\/p>\n<p align=\"CENTER\">CM.<\/p>\n<\/td>\n<td width=\"156\">\n<p align=\"CENTER\">OVERALL DIMENSION<\/p>\n<p align=\"CENTER\">CM.<\/p>\n<\/td>\n<\/tr>\n<\/thead>\n<colgroup>\n<col width=\"96\" \/>\n<col width=\"156\" \/>\n<col width=\"99\" \/>\n<col width=\"118\" \/>\n<col width=\"156\" \/><\/colgroup>\n<tbody>\n<tr>\n<td valign=\"BOTTOM\" width=\"96\">AQSFOTTC1<\/td>\n<td valign=\"TOP\" width=\"156\">\n<p align=\"CENTER\">PHOTOEXPOSER TC 1<\/p>\n<\/td>\n<td valign=\"TOP\" width=\"99\">\n<p lang=\"en-US\" align=\"CENTER\">90X110<\/p>\n<\/td>\n<td valign=\"TOP\" width=\"118\">\n<p lang=\"en-US\" align=\"CENTER\">70X95<\/p>\n<\/td>\n<td valign=\"TOP\" width=\"156\">\n<p lang=\"en-US\" align=\"CENTER\">150X130X260 H<\/p>\n<\/td>\n<\/tr>\n<tr>\n<td valign=\"BOTTOM\" width=\"96\">AQSFOTTC2<\/td>\n<td valign=\"TOP\" width=\"156\">\n<p align=\"CENTER\">PHOTOEXPOSER TC 2<\/p>\n<\/td>\n<td valign=\"TOP\" width=\"99\">\n<p lang=\"en-US\" align=\"CENTER\">123X153<\/p>\n<\/td>\n<td valign=\"TOP\" width=\"118\">\n<p lang=\"en-US\" align=\"CENTER\">100X135<\/p>\n<\/td>\n<td valign=\"TOP\" width=\"156\">\n<p lang=\"en-US\" align=\"CENTER\">190X165X260 H<\/p>\n<\/td>\n<\/tr>\n<tr>\n<td valign=\"BOTTOM\" width=\"96\">AQSFOTTC3<\/td>\n<td valign=\"TOP\" width=\"156\">\n<p align=\"CENTER\">PHOTOEXPOSER TC 3<\/p>\n<\/td>\n<td valign=\"TOP\" width=\"99\">\n<p lang=\"en-US\" align=\"CENTER\">143X173<\/p>\n<\/td>\n<td valign=\"TOP\" width=\"118\">\n<p lang=\"en-US\" align=\"CENTER\">120X155<\/p>\n<\/td>\n<td valign=\"TOP\" width=\"156\">\n<p lang=\"en-US\" align=\"CENTER\">210X180X260 H<\/p>\n<\/td>\n<\/tr>\n<tr>\n<td valign=\"BOTTOM\" width=\"96\">AQSFOTTC4<\/td>\n<td valign=\"TOP\" width=\"156\">\n<p align=\"CENTER\">PHOTOEXPOSER TC 4<\/p>\n<\/td>\n<td valign=\"TOP\" width=\"99\">\n<p lang=\"en-US\" align=\"CENTER\">160X200<\/p>\n<\/td>\n<td valign=\"TOP\" width=\"118\">\n<p lang=\"en-US\" align=\"CENTER\">140X180<\/p>\n<\/td>\n<td valign=\"TOP\" width=\"156\">\n<p lang=\"en-US\" align=\"CENTER\">235X195X260 H<\/p>\n<\/td>\n<\/tr>\n<tr>\n<td valign=\"BOTTOM\" width=\"96\">AQSFOTTC5<\/td>\n<td valign=\"TOP\" width=\"156\">\n<p align=\"CENTER\">PHOTOEXPOSER TC 5<\/p>\n<\/td>\n<td valign=\"TOP\" width=\"99\">\n<p align=\"CENTER\">140X220<\/p>\n<\/td>\n<td valign=\"TOP\" width=\"118\">\n<p align=\"CENTER\">120X200<\/p>\n<\/td>\n<td valign=\"TOP\" width=\"156\">\n<p align=\"CENTER\">258X178X300 H<\/p>\n<\/td>\n<\/tr>\n<\/tbody>\n<\/table>\n<table cellspacing=\"0\" cellpadding=\"7\">\n<thead>\n<tr>\n<td width=\"97\">\n<p lang=\"en-US\" align=\"CENTER\">CODE<\/p>\n<p lang=\"en-US\" align=\"CENTER\">NUMBER<\/p>\n<\/td>\n<td width=\"156\">\n<p lang=\"en-US\" align=\"CENTER\">PHOTOEXPOSER<\/p>\n<p align=\"CENTER\">TC-A<\/p>\n<p align=\"CENTER\">(AUTOMATIC PNEUMATIC PRESS OPENING)<\/p>\n<\/td>\n<td width=\"99\">\n<p lang=\"en-US\" align=\"CENTER\">GLASS SIZE<\/p>\n<p align=\"CENTER\">CM.<\/p>\n<\/td>\n<td width=\"118\">\n<p lang=\"en-US\" align=\"CENTER\">USEFUL SIZE<\/p>\n<p align=\"CENTER\">CM.<\/p>\n<\/td>\n<td width=\"155\">\n<p align=\"CENTER\">OVERALL DIMENSION<\/p>\n<p align=\"CENTER\">CM.<\/p>\n<\/td>\n<\/tr>\n<\/thead>\n<colgroup>\n<col width=\"97\" \/>\n<col width=\"156\" \/>\n<col width=\"99\" \/>\n<col width=\"118\" \/>\n<col width=\"155\" \/><\/colgroup>\n<tbody>\n<tr>\n<td valign=\"BOTTOM\" width=\"97\">AQSFOTTCA1<\/td>\n<td valign=\"TOP\" width=\"156\">\n<p align=\"CENTER\">PHOTOEXPOSER TC-A1<\/p>\n<\/td>\n<td valign=\"TOP\" width=\"99\">\n<p lang=\"en-US\" align=\"CENTER\">90X110<\/p>\n<\/td>\n<td valign=\"TOP\" width=\"118\">\n<p lang=\"en-US\" align=\"CENTER\">70X95<\/p>\n<\/td>\n<td valign=\"TOP\" width=\"155\">\n<p lang=\"en-US\" align=\"CENTER\">150X130X260 H<\/p>\n<\/td>\n<\/tr>\n<tr>\n<td valign=\"BOTTOM\" width=\"97\">AQSFOTTCA2<\/td>\n<td valign=\"TOP\" width=\"156\">\n<p align=\"CENTER\">PHOTOEXPOSER TC-A2<\/p>\n<\/td>\n<td valign=\"TOP\" width=\"99\">\n<p lang=\"en-US\" align=\"CENTER\">123X153<\/p>\n<\/td>\n<td valign=\"TOP\" width=\"118\">\n<p lang=\"en-US\" align=\"CENTER\">100X135<\/p>\n<\/td>\n<td valign=\"TOP\" width=\"155\">\n<p lang=\"en-US\" align=\"CENTER\">190X165X260 H<\/p>\n<\/td>\n<\/tr>\n<tr>\n<td valign=\"BOTTOM\" width=\"97\">AQSFOTTCA3<\/td>\n<td valign=\"TOP\" width=\"156\">\n<p align=\"CENTER\">PHOTOEXPOSER TC-A3<\/p>\n<\/td>\n<td valign=\"TOP\" width=\"99\">\n<p lang=\"en-US\" align=\"CENTER\">143X173<\/p>\n<\/td>\n<td valign=\"TOP\" width=\"118\">\n<p lang=\"en-US\" align=\"CENTER\">120X155<\/p>\n<\/td>\n<td valign=\"TOP\" width=\"155\">\n<p lang=\"en-US\" align=\"CENTER\">210X180X260 H<\/p>\n<\/td>\n<\/tr>\n<tr>\n<td valign=\"BOTTOM\" width=\"97\">AQSFOTTCA4<\/td>\n<td valign=\"TOP\" width=\"156\">\n<p align=\"CENTER\">PHOTOEXPOSER TC-A4<\/p>\n<\/td>\n<td valign=\"TOP\" width=\"99\">\n<p lang=\"en-US\" align=\"CENTER\">160X200<\/p>\n<\/td>\n<td valign=\"TOP\" width=\"118\">\n<p lang=\"en-US\" align=\"CENTER\">140X180<\/p>\n<\/td>\n<td valign=\"TOP\" width=\"155\">\n<p lang=\"en-US\" align=\"CENTER\">235X195X260 H<\/p>\n<\/td>\n<\/tr>\n<tr>\n<td valign=\"BOTTOM\" width=\"97\">AQSFOTTCA5<\/td>\n<td valign=\"TOP\" width=\"156\">\n<p align=\"CENTER\">PHOTOEXPOSER TC-A5<\/p>\n<\/td>\n<td valign=\"TOP\" width=\"99\">\n<p align=\"CENTER\">140X220<\/p>\n<\/td>\n<td valign=\"TOP\" width=\"118\">\n<p align=\"CENTER\">120X200<\/p>\n<\/td>\n<td valign=\"TOP\" width=\"155\">\n<p align=\"CENTER\">258X178X300 H<\/p>\n<\/td>\n<\/tr>\n<\/tbody>\n<\/table>\n<p>&nbsp;<\/p>\n<p>&nbsp;<\/p>\n","protected":false},"featured_media":7044,"template":"","meta":{"_acf_changed":false,"_vp_format_video_url":"","_vp_image_focal_point":[]},"product_cat":[476,766,744,753],"product_tag":[],"class_list":{"0":"post-7042","1":"product","2":"type-product","3":"status-publish","4":"has-post-thumbnail","6":"product_cat-featured-es","7":"product_cat-fotoespositori-es","8":"product_cat-laboratorio-serigrafico-piano","9":"product_cat-strumenti-es","11":"first","12":"instock","13":"product-type-simple"},"acf":[],"_links":{"self":[{"href":"https:\/\/www.seedex.it\/es\/wp-json\/wp\/v2\/product\/7042"}],"collection":[{"href":"https:\/\/www.seedex.it\/es\/wp-json\/wp\/v2\/product"}],"about":[{"href":"https:\/\/www.seedex.it\/es\/wp-json\/wp\/v2\/types\/product"}],"wp:featuredmedia":[{"embeddable":true,"href":"https:\/\/www.seedex.it\/es\/wp-json\/wp\/v2\/media\/7044"}],"wp:attachment":[{"href":"https:\/\/www.seedex.it\/es\/wp-json\/wp\/v2\/media?parent=7042"}],"wp:term":[{"taxonomy":"product_cat","embeddable":true,"href":"https:\/\/www.seedex.it\/es\/wp-json\/wp\/v2\/product_cat?post=7042"},{"taxonomy":"product_tag","embeddable":true,"href":"https:\/\/www.seedex.it\/es\/wp-json\/wp\/v2\/product_tag?post=7042"}],"curies":[{"name":"wp","href":"https:\/\/api.w.org\/{rel}","templated":true}]}}