{"id":6968,"date":"2024-09-13T09:05:49","date_gmt":"2024-09-13T09:05:49","guid":{"rendered":"https:\/\/www.seedex.it\/prodotto\/emulsionatrice-sp-b\/"},"modified":"2025-09-04T13:15:53","modified_gmt":"2025-09-04T13:15:53","slug":"emulsionadora-sp-b","status":"publish","type":"product","link":"https:\/\/www.seedex.it\/es\/prodotto\/emulsionadora-sp-b\/","title":{"rendered":"EMULSIONADORA SP-B"},"content":{"rendered":"","protected":false},"excerpt":{"rendered":"<p><span style=\"font-weight: 400;\">La <\/span><b>emulsionadora Seedex SP-B<\/b><span style=\"font-weight: 400;\"> es econ\u00f3mica, ideal para marcos de dimensiones m\u00e1s peque\u00f1as para aplicaciones de impresi\u00f3n universales.<\/span><\/p>\n<p><span style=\"font-weight: 400;\">La <\/span><b>velocidad regulable de forma infinitesimal<\/b><span style=\"font-weight: 400;\">, el movimiento extremadamente fluido del carro de recubrimiento y la posibilidad de seleccionar el n\u00famero de pasadas de recubrimiento permiten depositar la cantidad correcta de emulsi\u00f3n. La emulsionadora Seedex garantiza una perfecta reproducibilidad de la estructura de la capa de recubrimiento con una tolerancia de <\/span><b>\u00b11 micr\u00f3n<\/b><span style=\"font-weight: 400;\">.<\/span><\/p>\n<p><b>DESCRIPCI\u00d3N<\/b><\/p>\n<ul>\n<li style=\"font-weight: 400;\" aria-level=\"1\"><span style=\"font-weight: 400;\">F\u00e1cil de usar<\/span><\/li>\n<li style=\"font-weight: 400;\" aria-level=\"1\"><span style=\"font-weight: 400;\">Se suministra con un <\/span><b>panel t\u00e1ctil completo<\/b><\/li>\n<li style=\"font-weight: 400;\" aria-level=\"1\"><b>Velocidad continua regulable<\/b><\/li>\n<li style=\"font-weight: 400;\" aria-level=\"1\"><span style=\"font-weight: 400;\">Emulsi\u00f3n recogible de uno o dos lados<\/span><\/li>\n<li style=\"font-weight: 400;\" aria-level=\"1\"><span style=\"font-weight: 400;\">La CPU puede memorizar <\/span><b>50 programas personalizados diferentes<\/b><\/li>\n<li style=\"font-weight: 400;\" aria-level=\"1\"><span style=\"font-weight: 400;\">La barra transversal puede adaptarse f\u00e1cilmente al formato de marco requerido<\/span><\/li>\n<li style=\"font-weight: 400;\" aria-level=\"1\"><span style=\"font-weight: 400;\">La m\u00e1quina se suministra montada y viene con un par de cubetas de recubrimiento (longitud a elegir)<\/span><\/li>\n<\/ul>\n<p><b>DATOS T\u00c9CNICOS:<\/b><\/p>\n<ul>\n<li style=\"font-weight: 400;\" aria-level=\"1\"><b>Conexi\u00f3n el\u00e9ctrica:<\/b><span style=\"font-weight: 400;\"> 230 V \u2013 50\/60 Hz (otros voltajes bajo pedido)<\/span><\/li>\n<li style=\"font-weight: 400;\" aria-level=\"1\"><b>Conexi\u00f3n neum\u00e1tica:<\/b><span style=\"font-weight: 400;\"> 6 bar<\/span><\/li>\n<li style=\"font-weight: 400;\" aria-level=\"1\"><span style=\"font-weight: 400;\">Control compacto sin mantenimiento (SPS) con cambio de idioma del panel t\u00e1ctil pulsando un bot\u00f3n<\/span><\/li>\n<\/ul>\n<p><b>ACCESORIOS:<\/b><\/p>\n<ul>\n<li style=\"font-weight: 400;\" aria-level=\"1\"><span style=\"font-weight: 400;\">Soporte inferior del marco m\u00f3vil<\/span><\/li>\n<li style=\"font-weight: 400;\" aria-level=\"1\"><span style=\"font-weight: 400;\">Doble recubrimiento con una pinza para el marco<\/span><\/li>\n<li style=\"font-weight: 400;\" aria-level=\"1\"><span style=\"font-weight: 400;\">Doble recubrimiento con dos pinzas para el marco<\/span><\/li>\n<\/ul>\n<table cellspacing=\"0\" cellpadding=\"7\">\n<thead>\n<tr>\n<td width=\"191\">\n<p lang=\"en-US\" align=\"CENTER\">CODE<\/p>\n<\/td>\n<td width=\"191\">\n<p lang=\"en-US\" align=\"CENTER\">NAME<\/p>\n<\/td>\n<td width=\"109\">\n<p lang=\"en-US\" align=\"CENTER\">MODEL<\/p>\n<\/td>\n<td width=\"156\">\n<p lang=\"en-US\" align=\"CENTER\">USEFUL SIZE CM<\/p>\n<\/td>\n<\/tr>\n<\/thead>\n<tbody>\n<tr valign=\"TOP\">\n<td width=\"191\">\n<p lang=\"en-US\" align=\"CENTER\">AQSPEM1515<\/p>\n<\/td>\n<td width=\"191\">\n<p lang=\"en-US\" align=\"CENTER\">AUTOMATIC COATING MACHINE<\/p>\n<\/td>\n<td width=\"109\">\n<p lang=\"en-US\" align=\"CENTER\">SP-B 1515<\/p>\n<\/td>\n<td width=\"156\">\n<p lang=\"en-US\" align=\"CENTER\">150X150<\/p>\n<\/td>\n<\/tr>\n<tr valign=\"TOP\">\n<td width=\"191\">\n<p lang=\"en-US\" align=\"CENTER\">AQSPEM1520<\/p>\n<\/td>\n<td width=\"191\">\n<p lang=\"en-US\" align=\"CENTER\">AUTOMATIC COATING MACHINE<\/p>\n<\/td>\n<td width=\"109\">\n<p lang=\"en-US\" align=\"CENTER\">SP-B 1520<\/p>\n<\/td>\n<td width=\"156\">\n<p lang=\"en-US\" align=\"CENTER\">150X200<\/p>\n<\/td>\n<\/tr>\n<tr valign=\"TOP\">\n<td width=\"191\">\n<p lang=\"en-US\" align=\"CENTER\">AQSPEM1525<\/p>\n<\/td>\n<td width=\"191\">\n<p lang=\"en-US\" align=\"CENTER\">AUTOMATIC COATING MACHINE<\/p>\n<\/td>\n<td width=\"109\">\n<p lang=\"en-US\" align=\"CENTER\">SP-B 1525<\/p>\n<\/td>\n<td width=\"156\">\n<p lang=\"en-US\" align=\"CENTER\">150X250<\/p>\n<\/td>\n<\/tr>\n<\/tbody>\n<\/table>\n<p>&nbsp;<\/p>\n<p>&nbsp;<\/p>\n","protected":false},"featured_media":6970,"template":"","meta":{"_acf_changed":false,"_vp_format_video_url":"","_vp_image_focal_point":[]},"product_cat":[756,744,753],"product_tag":[758],"class_list":{"0":"post-6968","1":"product","2":"type-product","3":"status-publish","4":"has-post-thumbnail","6":"product_cat-emulsionatrici-es","7":"product_cat-laboratorio-serigrafico-piano","8":"product_cat-strumenti-es","9":"product_tag-featured-es","11":"first","12":"instock","13":"shipping-taxable","14":"product-type-simple"},"acf":[],"_links":{"self":[{"href":"https:\/\/www.seedex.it\/es\/wp-json\/wp\/v2\/product\/6968"}],"collection":[{"href":"https:\/\/www.seedex.it\/es\/wp-json\/wp\/v2\/product"}],"about":[{"href":"https:\/\/www.seedex.it\/es\/wp-json\/wp\/v2\/types\/product"}],"wp:featuredmedia":[{"embeddable":true,"href":"https:\/\/www.seedex.it\/es\/wp-json\/wp\/v2\/media\/6970"}],"wp:attachment":[{"href":"https:\/\/www.seedex.it\/es\/wp-json\/wp\/v2\/media?parent=6968"}],"wp:term":[{"taxonomy":"product_cat","embeddable":true,"href":"https:\/\/www.seedex.it\/es\/wp-json\/wp\/v2\/product_cat?post=6968"},{"taxonomy":"product_tag","embeddable":true,"href":"https:\/\/www.seedex.it\/es\/wp-json\/wp\/v2\/product_tag?post=6968"}],"curies":[{"name":"wp","href":"https:\/\/api.w.org\/{rel}","templated":true}]}}