{"id":6952,"date":"2024-09-13T09:05:49","date_gmt":"2024-09-13T09:05:49","guid":{"rendered":"https:\/\/www.seedex.it\/prodotto\/tendiseta-manuale-tme\/"},"modified":"2025-09-04T13:07:02","modified_gmt":"2025-09-04T13:07:02","slug":"tensadora-manual-tme","status":"publish","type":"product","link":"https:\/\/www.seedex.it\/es\/prodotto\/tensadora-manual-tme\/","title":{"rendered":"Tensadora Manual TME"},"content":{"rendered":"","protected":false},"excerpt":{"rendered":"<p><span style=\"font-weight: 400;\">Esta <\/span><b>tensadora manual<\/b><span style=\"font-weight: 400;\"> est\u00e1 fabricada en acero inoxidable pintado y cuenta con un cierre manual de las pinzas. Todos los movimientos se realizan mediante dos volantes de gu\u00eda m\u00e1s uno en la viga. Se suministra completa con tres barras de presi\u00f3n y todos los accesorios.<\/span><\/p>\n<p><span style=\"font-weight: 400;\">La <\/span><b>&#8220;multitensadora&#8221; TME<\/b><span style=\"font-weight: 400;\"> es una unidad de tensado de malla de uso profesional. Permite tensar la malla en varios marcos de diferentes formatos y perfiles simult\u00e1neamente, lo que reduce al m\u00ednimo el desperdicio de malla y hace que la producci\u00f3n sea m\u00e1s econ\u00f3mica.<\/span><\/p>\n<p><span style=\"font-weight: 400;\">Los marcos se pueden tensar rectos o en cualquier \u00e1ngulo con malla sint\u00e9tica, poli\u00e9ster metalizado y malla de acero inoxidable para producir plantillas reproducibles para todos los fines de impresi\u00f3n. Gracias a los volantes y a los movimientos en los tres lados, se garantiza una tensi\u00f3n paralela y uniforme de las mallas de trama y urdimbre. La uniformidad del tensado en toda el \u00e1rea se mantiene mediante abrazaderas en los tres lados que se deslizan de forma independiente sobre rodamientos de rodillos.<\/span><\/p>\n<table>\n<thead>\n<tr>\n<td>CODE<\/td>\n<td>NAME<\/td>\n<td>MODEL<\/td>\n<td>USEFUL FRAME SIZE CM.<\/td>\n<td>OVERALL DIMENSION CM.<\/td>\n<\/tr>\n<\/thead>\n<tbody>\n<tr valign=\"\">\n<td width=\"\" height=\"\">AQSTME1330PM<\/td>\n<td width=\"\" height=\"\">MANUAL STRETCHING MACHINE<\/td>\n<td width=\"\">TME 130X300<\/td>\n<td width=\"\">\n<p align=\"\">130X300<\/p>\n<\/td>\n<td width=\"\">\n<p align=\"\">390X186XH112<\/p>\n<\/td>\n<\/tr>\n<tr valign=\"\">\n<td width=\"\" height=\"\">\n<p align=\"\">AQSTME1630PM<\/p>\n<\/td>\n<td width=\"\" height=\"\">\n<p align=\"\">MANUAL STRETCHING MACHINE<\/p>\n<\/td>\n<td width=\"\">\n<p align=\"\">TME 160X300<\/p>\n<\/td>\n<td width=\"\">\n<p align=\"\">160X300<\/p>\n<\/td>\n<td width=\"\">\u00a0390X216XH112<\/td>\n<\/tr>\n<tr valign=\"\">\n<td width=\"\" height=\"\">\n<p align=\"\">AQSTME1830PM<\/p>\n<\/td>\n<td width=\"\" height=\"\">\n<p align=\"\">MANUAL STRETCHING MACHINE<\/p>\n<\/td>\n<td width=\"\">\n<p align=\"\">TME 180X300<\/p>\n<\/td>\n<td width=\"\">\n<p align=\"\">180X300<\/p>\n<\/td>\n<td width=\"\">\u00a0390X236XH112<\/td>\n<\/tr>\n<tr valign=\"\">\n<td width=\"\" height=\"\">\n<p align=\"\">AQSTME2030PM<\/p>\n<\/td>\n<td width=\"\" height=\"\">\n<p align=\"\">MANUAL STRETCHING MACHINE<\/p>\n<\/td>\n<td width=\"\">\n<p align=\"\">TME 200X300<\/p>\n<\/td>\n<td width=\"\">\n<p align=\"\">200X300<\/p>\n<\/td>\n<td width=\"\">\u00a0390X256XH112<\/td>\n<\/tr>\n<\/tbody>\n<\/table>\n<p>&nbsp;<\/p>\n<p>&nbsp;<\/p>\n","protected":false},"featured_media":6954,"template":"","meta":{"_acf_changed":false,"_vp_format_video_url":"","_vp_image_focal_point":[]},"product_cat":[744,753,754],"product_tag":[],"class_list":{"0":"post-6952","1":"product","2":"type-product","3":"status-publish","4":"has-post-thumbnail","6":"product_cat-laboratorio-serigrafico-piano","7":"product_cat-strumenti-es","8":"product_cat-tavolo-tendiseta-es","10":"first","11":"instock","12":"product-type-simple"},"acf":[],"_links":{"self":[{"href":"https:\/\/www.seedex.it\/es\/wp-json\/wp\/v2\/product\/6952"}],"collection":[{"href":"https:\/\/www.seedex.it\/es\/wp-json\/wp\/v2\/product"}],"about":[{"href":"https:\/\/www.seedex.it\/es\/wp-json\/wp\/v2\/types\/product"}],"wp:featuredmedia":[{"embeddable":true,"href":"https:\/\/www.seedex.it\/es\/wp-json\/wp\/v2\/media\/6954"}],"wp:attachment":[{"href":"https:\/\/www.seedex.it\/es\/wp-json\/wp\/v2\/media?parent=6952"}],"wp:term":[{"taxonomy":"product_cat","embeddable":true,"href":"https:\/\/www.seedex.it\/es\/wp-json\/wp\/v2\/product_cat?post=6952"},{"taxonomy":"product_tag","embeddable":true,"href":"https:\/\/www.seedex.it\/es\/wp-json\/wp\/v2\/product_tag?post=6952"}],"curies":[{"name":"wp","href":"https:\/\/api.w.org\/{rel}","templated":true}]}}