{"id":6911,"date":"2024-09-13T09:05:32","date_gmt":"2024-09-13T09:05:32","guid":{"rendered":"https:\/\/www.seedex.it\/prodotto\/prodotti-chimici-serigrafici\/"},"modified":"2025-09-04T12:46:34","modified_gmt":"2025-09-04T12:46:34","slug":"productos-quimicos-serigraficos","status":"publish","type":"product","link":"https:\/\/www.seedex.it\/es\/prodotto\/productos-quimicos-serigraficos\/","title":{"rendered":"PRODUCTOS QU\u00cdMICOS SERIGR\u00c1FICOS"},"content":{"rendered":"","protected":false},"excerpt":{"rendered":"<p><span style=\"font-weight: 400;\">Seedex, en colaboraci\u00f3n con su socio Extris, ofrece una gama completa de <\/span><b>productos qu\u00edmicos para la serigraf\u00eda<\/b><span style=\"font-weight: 400;\">. Una excelente calidad de impresi\u00f3n es una garant\u00eda de \u00e9xito en el mercado y, con los productos EXTRIS, \u00a1la calidad de sus impresiones est\u00e1 asegurada!<\/span><\/p>\n<p><span style=\"font-weight: 400;\">La gama de productos qu\u00edmicos EXTRIS le acompa\u00f1a a lo largo de todo el proceso de impresi\u00f3n serigr\u00e1fica, desde el tensado hasta la recuperaci\u00f3n del marco, con emulsiones complementadas con auxiliares para cada fase del proceso de preimpresi\u00f3n.<\/span><\/p>\n<p><span style=\"font-weight: 400;\">Con los productos qu\u00edmicos EXTRIS, tambi\u00e9n se garantiza el pleno respeto por el medio ambiente.<\/span><\/p>\n","protected":false},"featured_media":6913,"template":"","meta":{"_acf_changed":false,"_vp_format_video_url":"","_vp_image_focal_point":[]},"product_cat":[743,744,748,745],"product_tag":[],"class_list":{"0":"post-6911","1":"product","2":"type-product","3":"status-publish","4":"has-post-thumbnail","6":"product_cat-consumabili-ed-accessori-es","7":"product_cat-laboratorio-serigrafico-piano","8":"product_cat-prodotti-chimici-serigrafici-es","9":"product_cat-tavolo-da-lavoro-es","11":"first","12":"instock","13":"product-type-simple"},"acf":[],"_links":{"self":[{"href":"https:\/\/www.seedex.it\/es\/wp-json\/wp\/v2\/product\/6911"}],"collection":[{"href":"https:\/\/www.seedex.it\/es\/wp-json\/wp\/v2\/product"}],"about":[{"href":"https:\/\/www.seedex.it\/es\/wp-json\/wp\/v2\/types\/product"}],"wp:featuredmedia":[{"embeddable":true,"href":"https:\/\/www.seedex.it\/es\/wp-json\/wp\/v2\/media\/6913"}],"wp:attachment":[{"href":"https:\/\/www.seedex.it\/es\/wp-json\/wp\/v2\/media?parent=6911"}],"wp:term":[{"taxonomy":"product_cat","embeddable":true,"href":"https:\/\/www.seedex.it\/es\/wp-json\/wp\/v2\/product_cat?post=6911"},{"taxonomy":"product_tag","embeddable":true,"href":"https:\/\/www.seedex.it\/es\/wp-json\/wp\/v2\/product_tag?post=6911"}],"curies":[{"name":"wp","href":"https:\/\/api.w.org\/{rel}","templated":true}]}}