{"id":6902,"date":"2024-09-13T09:05:32","date_gmt":"2024-09-13T09:05:32","guid":{"rendered":"https:\/\/www.seedex.it\/prodotto\/tessuti-in-poliestere-suprex\/"},"modified":"2025-09-04T12:42:43","modified_gmt":"2025-09-04T12:42:43","slug":"tejidos-de-poliester-suprex","status":"publish","type":"product","link":"https:\/\/www.seedex.it\/es\/prodotto\/tejidos-de-poliester-suprex\/","title":{"rendered":"TEJIDOS DE POLI\u00c9STER SUPREX"},"content":{"rendered":"","protected":false},"excerpt":{"rendered":"<p><span style=\"font-weight: 400;\">Los tejidos <\/span><b>SUPREX<\/b><span style=\"font-weight: 400;\"> son textiles especiales para la <\/span><b>impresi\u00f3n serigr\u00e1fica, la filtraci\u00f3n de precisi\u00f3n y las aplicaciones industriales<\/b><span style=\"font-weight: 400;\"> que utilizan micromallas textiles de alta precisi\u00f3n.<\/span><\/p>\n<p><span style=\"font-weight: 400;\">Estos tejidos SUPREX, de <\/span><b>monofilamento de poli\u00e9ster<\/b><span style=\"font-weight: 400;\">, han sido dise\u00f1ados expresamente para la fabricaci\u00f3n de marcos de serigraf\u00eda. La gama de tejidos SUPREX va desde mallas muy abiertas para la impresi\u00f3n de tintas de alta granulometr\u00eda, purpurina e incluso flocado, hasta tejidos de alta densidad para la impresi\u00f3n de tintas UV y la reproducci\u00f3n de im\u00e1genes de alta definici\u00f3n.<\/span><\/p>\n","protected":false},"featured_media":6904,"template":"","meta":{"_acf_changed":false,"_vp_format_video_url":"","_vp_image_focal_point":[]},"product_cat":[743,744,745,746],"product_tag":[],"class_list":{"0":"post-6902","1":"product","2":"type-product","3":"status-publish","4":"has-post-thumbnail","6":"product_cat-consumabili-ed-accessori-es","7":"product_cat-laboratorio-serigrafico-piano","8":"product_cat-tavolo-da-lavoro-es","9":"product_cat-tessuti-in-poliestere-suprex-es","11":"first","12":"instock","13":"product-type-simple"},"acf":[],"_links":{"self":[{"href":"https:\/\/www.seedex.it\/es\/wp-json\/wp\/v2\/product\/6902"}],"collection":[{"href":"https:\/\/www.seedex.it\/es\/wp-json\/wp\/v2\/product"}],"about":[{"href":"https:\/\/www.seedex.it\/es\/wp-json\/wp\/v2\/types\/product"}],"wp:featuredmedia":[{"embeddable":true,"href":"https:\/\/www.seedex.it\/es\/wp-json\/wp\/v2\/media\/6904"}],"wp:attachment":[{"href":"https:\/\/www.seedex.it\/es\/wp-json\/wp\/v2\/media?parent=6902"}],"wp:term":[{"taxonomy":"product_cat","embeddable":true,"href":"https:\/\/www.seedex.it\/es\/wp-json\/wp\/v2\/product_cat?post=6902"},{"taxonomy":"product_tag","embeddable":true,"href":"https:\/\/www.seedex.it\/es\/wp-json\/wp\/v2\/product_tag?post=6902"}],"curies":[{"name":"wp","href":"https:\/\/api.w.org\/{rel}","templated":true}]}}