{"id":6765,"date":"2024-09-13T09:03:35","date_gmt":"2024-09-13T09:03:35","guid":{"rendered":"https:\/\/www.seedex.it\/prodotto\/manometri\/"},"modified":"2025-09-04T10:18:54","modified_gmt":"2025-09-04T10:18:54","slug":"manometros","status":"publish","type":"product","link":"https:\/\/www.seedex.it\/es\/prodotto\/manometros\/","title":{"rendered":"Man\u00f3metros"},"content":{"rendered":"","protected":false},"excerpt":{"rendered":"<p><span style=\"font-weight: 400;\">Man\u00f3metros de diferentes tipolog\u00edas, tama\u00f1os y materiales, fabricados para trabajar en condiciones extremas y en cualquier rango de presi\u00f3n.<\/span><\/p>\n","protected":false},"featured_media":6767,"template":"","meta":{"_acf_changed":false,"_vp_format_video_url":"","_vp_image_focal_point":[]},"product_cat":[724],"product_tag":[],"class_list":{"0":"post-6765","1":"product","2":"type-product","3":"status-publish","4":"has-post-thumbnail","6":"product_cat-prensa","8":"first","9":"instock","10":"product-type-simple"},"acf":[],"_links":{"self":[{"href":"https:\/\/www.seedex.it\/es\/wp-json\/wp\/v2\/product\/6765"}],"collection":[{"href":"https:\/\/www.seedex.it\/es\/wp-json\/wp\/v2\/product"}],"about":[{"href":"https:\/\/www.seedex.it\/es\/wp-json\/wp\/v2\/types\/product"}],"wp:featuredmedia":[{"embeddable":true,"href":"https:\/\/www.seedex.it\/es\/wp-json\/wp\/v2\/media\/6767"}],"wp:attachment":[{"href":"https:\/\/www.seedex.it\/es\/wp-json\/wp\/v2\/media?parent=6765"}],"wp:term":[{"taxonomy":"product_cat","embeddable":true,"href":"https:\/\/www.seedex.it\/es\/wp-json\/wp\/v2\/product_cat?post=6765"},{"taxonomy":"product_tag","embeddable":true,"href":"https:\/\/www.seedex.it\/es\/wp-json\/wp\/v2\/product_tag?post=6765"}],"curies":[{"name":"wp","href":"https:\/\/api.w.org\/{rel}","templated":true}]}}