{"id":6716,"date":"2024-09-13T09:04:14","date_gmt":"2024-09-13T09:04:14","guid":{"rendered":"https:\/\/www.seedex.it\/prodotto\/viscosimetri-rotazionali-digitali-multifunzione-savisc\/"},"modified":"2025-09-04T10:00:35","modified_gmt":"2025-09-04T10:00:35","slug":"viscosimetros-rotacionales-digitales-multifuncion-savisc","status":"publish","type":"product","link":"https:\/\/www.seedex.it\/es\/prodotto\/viscosimetros-rotacionales-digitales-multifuncion-savisc\/","title":{"rendered":"Viscos\u00edmetros Rotacionales Digitales Multifunci\u00f3n SAVISC"},"content":{"rendered":"","protected":false},"excerpt":{"rendered":"<p><span style=\"font-weight: 400;\">Los <\/span><b>viscos\u00edmetros digitales SAVISC<\/b><span style=\"font-weight: 400;\"> son instrumentos para probar la <\/span><b>viscosidad y resistencia de un fluido<\/b><span style=\"font-weight: 400;\">. Est\u00e1n equipados con <\/span><b>control constante de la velocidad de rotaci\u00f3n<\/b><span style=\"font-weight: 400;\"> y son ampliamente aplicados en los \u00e1mbitos qu\u00edmico, m\u00e9dico, alimentario, industrial, de laboratorio, de investigaci\u00f3n cient\u00edfica, etc.<\/span><\/p>\n<p><span style=\"font-weight: 400;\">Hay varias versiones disponibles, que difieren en su rango de medici\u00f3n, velocidad de rotaci\u00f3n y capacidad de calentamiento.<\/span><\/p>\n","protected":false},"featured_media":6718,"template":"","meta":{"_acf_changed":false,"_vp_format_video_url":"","_vp_image_focal_point":[]},"product_cat":[560,720],"product_tag":[],"class_list":{"0":"post-6716","1":"product","2":"type-product","3":"status-publish","4":"has-post-thumbnail","6":"product_cat-laboratorio-ceramico-e-di-controllo-es","7":"product_cat-viscosimetro-rotacional","9":"first","10":"instock","11":"product-type-simple"},"acf":[],"_links":{"self":[{"href":"https:\/\/www.seedex.it\/es\/wp-json\/wp\/v2\/product\/6716"}],"collection":[{"href":"https:\/\/www.seedex.it\/es\/wp-json\/wp\/v2\/product"}],"about":[{"href":"https:\/\/www.seedex.it\/es\/wp-json\/wp\/v2\/types\/product"}],"wp:featuredmedia":[{"embeddable":true,"href":"https:\/\/www.seedex.it\/es\/wp-json\/wp\/v2\/media\/6718"}],"wp:attachment":[{"href":"https:\/\/www.seedex.it\/es\/wp-json\/wp\/v2\/media?parent=6716"}],"wp:term":[{"taxonomy":"product_cat","embeddable":true,"href":"https:\/\/www.seedex.it\/es\/wp-json\/wp\/v2\/product_cat?post=6716"},{"taxonomy":"product_tag","embeddable":true,"href":"https:\/\/www.seedex.it\/es\/wp-json\/wp\/v2\/product_tag?post=6716"}],"curies":[{"name":"wp","href":"https:\/\/api.w.org\/{rel}","templated":true}]}}