{"id":6662,"date":"2024-06-19T10:30:43","date_gmt":"2024-06-19T10:30:43","guid":{"rendered":"https:\/\/www.seedex.it\/prodotto\/vasche-serie-vsvd\/"},"modified":"2025-09-04T09:23:05","modified_gmt":"2025-09-04T09:23:05","slug":"cubetas-serie-vsvd-para-pruebas-de-absorcion-de-agua-bajo-vacio","status":"publish","type":"product","link":"https:\/\/www.seedex.it\/es\/prodotto\/cubetas-serie-vsvd-para-pruebas-de-absorcion-de-agua-bajo-vacio\/","title":{"rendered":"Cubetas Serie VSVD para Pruebas de Absorci\u00f3n de Agua Bajo Vac\u00edo"},"content":{"rendered":"","protected":false},"excerpt":{"rendered":"<p><span style=\"font-weight: 400;\">Estos instrumentos est\u00e1n dise\u00f1ados para la <\/span><b>r\u00e1pida determinaci\u00f3n de la absorci\u00f3n de agua en baldosas cer\u00e1micas<\/b><span style=\"font-weight: 400;\"> mediante el m\u00e9todo de inmersi\u00f3n al vac\u00edo, de acuerdo con las normas <\/span><b>UNI EN ISO 10545-3 y 10545-12<\/b><span style=\"font-weight: 400;\">.<\/span><\/p>\n<p><b>Modelo VSVD\/60<\/b><\/p>\n<p><span style=\"font-weight: 400;\">Este instrumento est\u00e1 normalizado para formatos de baldosas de hasta 60\u00a0x\u00a060\u00a0cm.<\/span><\/p>\n<p><b>Modelo VSVD\/120<\/b><\/p>\n<p><span style=\"font-weight: 400;\">Este modelo tiene las mismas caracter\u00edsticas que el VSVD\/60, pero es apto para realizar pruebas en formatos de baldosas de hasta 60\u00a0x\u00a0120\u00a0cm.<\/span><\/p>\n","protected":false},"featured_media":6664,"template":"","meta":{"_acf_changed":false,"_vp_format_video_url":"","_vp_image_focal_point":[]},"product_cat":[710,481],"product_tag":[],"class_list":{"0":"post-6662","1":"product","2":"type-product","3":"status-publish","4":"has-post-thumbnail","6":"product_cat-ceramic-laboratory-es","7":"product_cat-industria-de-sanitarios","9":"first","10":"instock","11":"featured","12":"shipping-taxable","13":"product-type-simple"},"acf":[],"_links":{"self":[{"href":"https:\/\/www.seedex.it\/es\/wp-json\/wp\/v2\/product\/6662"}],"collection":[{"href":"https:\/\/www.seedex.it\/es\/wp-json\/wp\/v2\/product"}],"about":[{"href":"https:\/\/www.seedex.it\/es\/wp-json\/wp\/v2\/types\/product"}],"wp:featuredmedia":[{"embeddable":true,"href":"https:\/\/www.seedex.it\/es\/wp-json\/wp\/v2\/media\/6664"}],"wp:attachment":[{"href":"https:\/\/www.seedex.it\/es\/wp-json\/wp\/v2\/media?parent=6662"}],"wp:term":[{"taxonomy":"product_cat","embeddable":true,"href":"https:\/\/www.seedex.it\/es\/wp-json\/wp\/v2\/product_cat?post=6662"},{"taxonomy":"product_tag","embeddable":true,"href":"https:\/\/www.seedex.it\/es\/wp-json\/wp\/v2\/product_tag?post=6662"}],"curies":[{"name":"wp","href":"https:\/\/api.w.org\/{rel}","templated":true}]}}