{"id":6541,"date":"2024-09-13T09:04:28","date_gmt":"2024-09-13T09:04:28","guid":{"rendered":"https:\/\/www.seedex.it\/prodotto\/micrometri-a-quadrante-spessimetri\/"},"modified":"2025-09-04T08:13:35","modified_gmt":"2025-09-04T08:13:35","slug":"micrometros-de-cuadrante-espesimetros","status":"publish","type":"product","link":"https:\/\/www.seedex.it\/es\/prodotto\/micrometros-de-cuadrante-espesimetros\/","title":{"rendered":"MICR\u00d3METROS DE CUADRANTE; ESPES\u00cdMETROS"},"content":{"rendered":"","protected":false},"excerpt":{"rendered":"<p><span style=\"font-weight: 400;\">Estos instrumentos son id\u00f3neos para la <\/span><b>r\u00e1pida determinaci\u00f3n de diversos espesores<\/b><span style=\"font-weight: 400;\">. Son especialmente indicados en la industria cer\u00e1mica productora de baldosas para pavimentos y revestimientos, para la r\u00e1pida determinaci\u00f3n del espesor del material reci\u00e9n prensado.<\/span><\/p>\n<p><span style=\"font-weight: 400;\">Hay varios modelos disponibles, que difieren en la <\/span><b>longitud del arco de medici\u00f3n<\/b><span style=\"font-weight: 400;\">.<\/span><\/p>\n","protected":false},"featured_media":6543,"template":"","meta":{"_acf_changed":false,"_vp_format_video_url":"","_vp_image_focal_point":[]},"product_cat":[481,560,688],"product_tag":[],"class_list":{"0":"post-6541","1":"product","2":"type-product","3":"status-publish","4":"has-post-thumbnail","6":"product_cat-industria-de-sanitarios","7":"product_cat-laboratorio-ceramico-e-di-controllo-es","8":"product_cat-medidores-de-espesor","10":"first","11":"instock","12":"product-type-simple"},"acf":[],"_links":{"self":[{"href":"https:\/\/www.seedex.it\/es\/wp-json\/wp\/v2\/product\/6541"}],"collection":[{"href":"https:\/\/www.seedex.it\/es\/wp-json\/wp\/v2\/product"}],"about":[{"href":"https:\/\/www.seedex.it\/es\/wp-json\/wp\/v2\/types\/product"}],"wp:featuredmedia":[{"embeddable":true,"href":"https:\/\/www.seedex.it\/es\/wp-json\/wp\/v2\/media\/6543"}],"wp:attachment":[{"href":"https:\/\/www.seedex.it\/es\/wp-json\/wp\/v2\/media?parent=6541"}],"wp:term":[{"taxonomy":"product_cat","embeddable":true,"href":"https:\/\/www.seedex.it\/es\/wp-json\/wp\/v2\/product_cat?post=6541"},{"taxonomy":"product_tag","embeddable":true,"href":"https:\/\/www.seedex.it\/es\/wp-json\/wp\/v2\/product_tag?post=6541"}],"curies":[{"name":"wp","href":"https:\/\/api.w.org\/{rel}","templated":true}]}}