{"id":6500,"date":"2025-02-20T11:03:35","date_gmt":"2025-02-20T11:03:35","guid":{"rendered":"https:\/\/www.seedex.it\/prodotto\/miscelatore-per-polveri-mod-mi-10-i-a-doppio-cono-contenitori-intercambiabili\/"},"modified":"2025-09-04T07:51:29","modified_gmt":"2025-09-04T07:51:29","slug":"mezcladora-para-polvos-mod-mi-10-i-doble-cono-contenedores-intercambiables","status":"publish","type":"product","link":"https:\/\/www.seedex.it\/es\/prodotto\/mezcladora-para-polvos-mod-mi-10-i-doble-cono-contenedores-intercambiables\/","title":{"rendered":"MEZCLADORA PARA POLVOS MOD. MI\/10\/I, DOBLE CONO \u2013 CONTENEDORES INTERCAMBIABLES"},"content":{"rendered":"","protected":false},"excerpt":{"rendered":"<p><span style=\"font-weight: 400;\">Esta mezcladora est\u00e1 dise\u00f1ada para la <\/span><b>mezcla de cualquier sustancia seca, en polvo<\/b><span style=\"font-weight: 400;\">. Es ideal para la preparaci\u00f3n de mezclas de diversas arcillas y chamotas, para peque\u00f1as producciones de baldosas destinadas a pruebas de laboratorio. Puede ser utilizada por <\/span><b>industrias cer\u00e1micas, qu\u00edmicas, alimentarias, farmac\u00e9uticas, as\u00ed como por escuelas e institutos de investigaci\u00f3n<\/b><span style=\"font-weight: 400;\">.<\/span><\/p>\n<p><span style=\"font-weight: 400;\">Cuenta con un <\/span><b>doble cono de acero inoxidable AISI 304<\/b><span style=\"font-weight: 400;\">.<\/span><\/p>\n<ul>\n<li style=\"font-weight: 400;\" aria-level=\"1\"><b>Capacidad total:<\/b><span style=\"font-weight: 400;\"> 10\u00a0litros<\/span><\/li>\n<li style=\"font-weight: 400;\" aria-level=\"1\"><b>Capacidad m\u00e1xima de carga:<\/b><span style=\"font-weight: 400;\"> 5\u00a0litros<\/span><\/li>\n<\/ul>\n","protected":false},"featured_media":6501,"template":"","meta":{"_acf_changed":false,"_vp_format_video_url":"","_vp_image_focal_point":[]},"product_cat":[560,682],"product_tag":[],"class_list":{"0":"post-6500","1":"product","2":"type-product","3":"status-publish","4":"has-post-thumbnail","6":"product_cat-laboratorio-ceramico-e-di-controllo-es","7":"product_cat-tamiz-bidimensional","9":"first","10":"instock","11":"product-type-simple"},"acf":[],"_links":{"self":[{"href":"https:\/\/www.seedex.it\/es\/wp-json\/wp\/v2\/product\/6500"}],"collection":[{"href":"https:\/\/www.seedex.it\/es\/wp-json\/wp\/v2\/product"}],"about":[{"href":"https:\/\/www.seedex.it\/es\/wp-json\/wp\/v2\/types\/product"}],"wp:featuredmedia":[{"embeddable":true,"href":"https:\/\/www.seedex.it\/es\/wp-json\/wp\/v2\/media\/6501"}],"wp:attachment":[{"href":"https:\/\/www.seedex.it\/es\/wp-json\/wp\/v2\/media?parent=6500"}],"wp:term":[{"taxonomy":"product_cat","embeddable":true,"href":"https:\/\/www.seedex.it\/es\/wp-json\/wp\/v2\/product_cat?post=6500"},{"taxonomy":"product_tag","embeddable":true,"href":"https:\/\/www.seedex.it\/es\/wp-json\/wp\/v2\/product_tag?post=6500"}],"curies":[{"name":"wp","href":"https:\/\/api.w.org\/{rel}","templated":true}]}}