{"id":6475,"date":"2024-09-13T09:04:28","date_gmt":"2024-09-13T09:04:28","guid":{"rendered":"https:\/\/www.seedex.it\/prodotto\/scivolosimetro-dinamico-mod-tortus-3\/"},"modified":"2025-09-04T07:40:02","modified_gmt":"2025-09-04T07:40:02","slug":"deslizadometro-dinamico-mod-tortus-3","status":"publish","type":"product","link":"https:\/\/www.seedex.it\/es\/prodotto\/deslizadometro-dinamico-mod-tortus-3\/","title":{"rendered":"DESLIZAD\u00d3METRO DIN\u00c1MICO MOD. TORTUS 3"},"content":{"rendered":"","protected":false},"excerpt":{"rendered":"<p><span style=\"font-weight: 400;\">El nuevo medidor del coeficiente de fricci\u00f3n Tortus 3 es la versi\u00f3n m\u00e1s reciente del instrumento original BCRA.<\/span><\/p>\n<p><span style=\"font-weight: 400;\">El <\/span><b>Tortus 3<\/b><span style=\"font-weight: 400;\"> es un instrumento de precisi\u00f3n autopropulsado controlado por microprocesador que mide directamente el <\/span><b>coeficiente de fricci\u00f3n din\u00e1mico<\/b><span style=\"font-weight: 400;\">, desliz\u00e1ndose sobre superficies o suelos utilizados por peatones.<\/span><\/p>\n<p><span style=\"font-weight: 400;\">Proporciona una <\/span><b>lectura instant\u00e1nea del coeficiente de fricci\u00f3n<\/b><span style=\"font-weight: 400;\"> en una pantalla digital mientras se mueve sobre la superficie y muestra el <\/span><b>valor medio \u03bc<\/b><span style=\"font-weight: 400;\"> al final de la prueba.<\/span><\/p>\n<p>&nbsp;<\/p>\n<p>&nbsp;<\/p>\n","protected":false},"featured_media":6477,"template":"","meta":{"_acf_changed":false,"_vp_format_video_url":"","_vp_image_focal_point":[]},"product_cat":[560,678],"product_tag":[],"class_list":{"0":"post-6475","1":"product","2":"type-product","3":"status-publish","4":"has-post-thumbnail","6":"product_cat-laboratorio-ceramico-e-di-controllo-es","7":"product_cat-medidor-de-deslizamiento","9":"first","10":"instock","11":"product-type-simple"},"acf":[],"_links":{"self":[{"href":"https:\/\/www.seedex.it\/es\/wp-json\/wp\/v2\/product\/6475"}],"collection":[{"href":"https:\/\/www.seedex.it\/es\/wp-json\/wp\/v2\/product"}],"about":[{"href":"https:\/\/www.seedex.it\/es\/wp-json\/wp\/v2\/types\/product"}],"wp:featuredmedia":[{"embeddable":true,"href":"https:\/\/www.seedex.it\/es\/wp-json\/wp\/v2\/media\/6477"}],"wp:attachment":[{"href":"https:\/\/www.seedex.it\/es\/wp-json\/wp\/v2\/media?parent=6475"}],"wp:term":[{"taxonomy":"product_cat","embeddable":true,"href":"https:\/\/www.seedex.it\/es\/wp-json\/wp\/v2\/product_cat?post=6475"},{"taxonomy":"product_tag","embeddable":true,"href":"https:\/\/www.seedex.it\/es\/wp-json\/wp\/v2\/product_tag?post=6475"}],"curies":[{"name":"wp","href":"https:\/\/api.w.org\/{rel}","templated":true}]}}