{"id":6458,"date":"2024-09-13T09:04:28","date_gmt":"2024-09-13T09:04:28","guid":{"rendered":"https:\/\/www.seedex.it\/prodotto\/scivolosimetro-dinamico-mod-fsc2011\/"},"modified":"2025-09-04T07:32:07","modified_gmt":"2025-09-04T07:32:07","slug":"deslizadometro-dinamico-mod-fsc2011","status":"publish","type":"product","link":"https:\/\/www.seedex.it\/es\/prodotto\/deslizadometro-dinamico-mod-fsc2011\/","title":{"rendered":"DESLIZAD\u00d3METRO DIN\u00c1MICO MOD. FSC2011"},"content":{"rendered":"","protected":false},"excerpt":{"rendered":"<p><span style=\"font-weight: 400;\">El <\/span><b>FSC 2011<\/b><span style=\"font-weight: 400;\"> es el <\/span><b>NUEVO sistema computarizado<\/b><span style=\"font-weight: 400;\"> que detecta y documenta, con un informe escrito, el <\/span><b>coeficiente de fricci\u00f3n del pavimento instalado<\/b><span style=\"font-weight: 400;\"> en condiciones reales de uso, tanto en seco como en mojado. El FSC 2011 es el deslizad\u00f3metro para la detecci\u00f3n del coeficiente de fricci\u00f3n de los pavimentos: los valores escaneados se expresan en la escala &#8220;\u03bc&#8221; 0,1, de acuerdo con lo establecido por la ley italiana.<\/span><\/p>\n<p><span style=\"font-weight: 400;\">Es posible programar mediciones tambi\u00e9n seg\u00fan las tablas de <\/span><b>Wuppertal, BFU Suiza, ASTM USA, DIN 51130, DIN 51131 y DIN 51097<\/b><span style=\"font-weight: 400;\">.<\/span><\/p>\n<p>&nbsp;<\/p>\n","protected":false},"featured_media":6460,"template":"","meta":{"_acf_changed":false,"_vp_format_video_url":"","_vp_image_focal_point":[]},"product_cat":[560,678],"product_tag":[],"class_list":{"0":"post-6458","1":"product","2":"type-product","3":"status-publish","4":"has-post-thumbnail","6":"product_cat-laboratorio-ceramico-e-di-controllo-es","7":"product_cat-medidor-de-deslizamiento","9":"first","10":"instock","11":"product-type-simple"},"acf":[],"_links":{"self":[{"href":"https:\/\/www.seedex.it\/es\/wp-json\/wp\/v2\/product\/6458"}],"collection":[{"href":"https:\/\/www.seedex.it\/es\/wp-json\/wp\/v2\/product"}],"about":[{"href":"https:\/\/www.seedex.it\/es\/wp-json\/wp\/v2\/types\/product"}],"wp:featuredmedia":[{"embeddable":true,"href":"https:\/\/www.seedex.it\/es\/wp-json\/wp\/v2\/media\/6460"}],"wp:attachment":[{"href":"https:\/\/www.seedex.it\/es\/wp-json\/wp\/v2\/media?parent=6458"}],"wp:term":[{"taxonomy":"product_cat","embeddable":true,"href":"https:\/\/www.seedex.it\/es\/wp-json\/wp\/v2\/product_cat?post=6458"},{"taxonomy":"product_tag","embeddable":true,"href":"https:\/\/www.seedex.it\/es\/wp-json\/wp\/v2\/product_tag?post=6458"}],"curies":[{"name":"wp","href":"https:\/\/api.w.org\/{rel}","templated":true}]}}